{"id":955,"date":"2021-11-15T12:19:14","date_gmt":"2021-11-15T12:19:14","guid":{"rendered":"https:\/\/transfertomarbella.es\/?post_type=product&#038;p=955"},"modified":"2025-01-16T02:29:34","modified_gmt":"2025-01-16T02:29:34","slug":"transfer-mercedes-minivan-v-class-7-pax","status":"publish","type":"product","link":"https:\/\/transfertomarbella.es\/es\/book-now\/transfer-mercedes-minivan-v-class-7-pax\/","title":{"rendered":"TRASLADO MERCEDES MINIVAN CLASE V \u2013 7 PASAJEROS"},"content":{"rendered":"<p><strong>All reservations must be made between 8:00 a.m. and 8:00 p.m. Spanish time, both online and via WhatsApp &amp; email.<\/strong><\/p>\n<p><strong>TRASLADO MERCEDES MINIVAN CLASE V \u2013 7 PASAJEROS<\/strong><\/p>\n<p>1-7 Pasajeros<\/p>\n<p>1-7 Equipajes<\/p>\n<p>1-7 Equipaje de mano<\/p>\n<p>Disponemos de sillitas de bebe<\/p>\n<p>Pago directo al conductor en efectivo<\/p>\n<p><strong>EL PRECIO POR 8 HORAS INCLUYE EL 10% DE IVA<\/strong><\/p>\n<p><strong>NOTA:<\/strong>\u00a0Elige la ruta deseada ya sea ida y vuelta, haz tu reserva de transfer y nos pondremos en contacto contigo para confirmar la reserva, reserva y cancelaci\u00f3n con al menos 24 horas de antelaci\u00f3n y siempre pago directo al conductor. Cualquier duda u otros destinos puedes contactar con nosotros por email, tel\u00e9fono o whats app.<\/p>\n<p><strong>MUY IMPORTANTE:<\/strong>\u00a0LOS PRECIOS DE LAS VISITAS SON DIFERENTES A LOS PRECIOS DE LA DISPONIBILIDAD POR HORAS EN CADA MODELO DE AUTO, SELECCIONE CORRECTAMENTE SU SERVICIO Y\u00a0<strong>PARA OTROS DESTINOS NO DUDES EN PREGUNTARNOS POR WHATS APP, ES LA FORMA M\u00c1S R\u00c1PIDA DE RESPONDERTE. +34 635 64 43 61<\/strong><\/p>\n<p><strong>+34 635 644 361<\/strong><\/p>\n<p><strong>info@transfertomarbella.es<\/strong><\/p>","protected":false},"excerpt":{"rendered":"<p>All reservations must be made between 8:00 a.m. and 8:00 p.m. Spanish time, both online and via WhatsApp &amp; email. TRANSFER MERCEDES MINIVAN V CLASS &#8211; 7 PAX 1-7 Passengers 1-7 Luggages 1-7 Hand Luggages We have bavy seats Direct payment to the driver in cash THE PRICE FOR 8 HOURS INCLUDES 10% VAT NOTE:\u00a0Choose&hellip;<\/p>","protected":false},"featured_media":1867,"template":"","meta":{"om_disable_all_campaigns":false,"_monsterinsights_skip_tracking":false,"_monsterinsights_sitenote_active":false,"_monsterinsights_sitenote_note":"","_monsterinsights_sitenote_category":0},"product_brand":[],"product_cat":[116],"product_tag":[91,113,95,94,102,109,99,100,93,112,96,103,92],"class_list":{"0":"post-955","1":"product","2":"type-product","3":"status-publish","4":"has-post-thumbnail","6":"product_cat-transfers-airport-malaga-hotel-hotel-airport-malaga","7":"product_tag-marbella-transfer","8":"product_tag-mercedes-minivan-v-class-7-pax","9":"product_tag-mercedes-v-class","10":"product_tag-minivan-mercedes","11":"product_tag-rent-car-with-driver","12":"product_tag-transfer-airport-malaga-agp","13":"product_tag-transfer-estepona","14":"product_tag-transfer-malaga","15":"product_tag-transfer-marbella","16":"product_tag-transfer-mercedes-minivan-v-class-7-pax","17":"product_tag-transfer-puerto-banus","18":"product_tag-transfer-san-pedro-alcantara","19":"product_tag-transfer-to-marbella","21":"first","22":"instock","23":"taxable","24":"shipping-taxable","25":"purchasable","26":"product-type-variable"},"_links":{"self":[{"href":"https:\/\/transfertomarbella.es\/es\/wp-json\/wp\/v2\/product\/955","targetHints":{"allow":["GET"]}}],"collection":[{"href":"https:\/\/transfertomarbella.es\/es\/wp-json\/wp\/v2\/product"}],"about":[{"href":"https:\/\/transfertomarbella.es\/es\/wp-json\/wp\/v2\/types\/product"}],"wp:featuredmedia":[{"embeddable":true,"href":"https:\/\/transfertomarbella.es\/es\/wp-json\/wp\/v2\/media\/1867"}],"wp:attachment":[{"href":"https:\/\/transfertomarbella.es\/es\/wp-json\/wp\/v2\/media?parent=955"}],"wp:term":[{"taxonomy":"product_brand","embeddable":true,"href":"https:\/\/transfertomarbella.es\/es\/wp-json\/wp\/v2\/product_brand?post=955"},{"taxonomy":"product_cat","embeddable":true,"href":"https:\/\/transfertomarbella.es\/es\/wp-json\/wp\/v2\/product_cat?post=955"},{"taxonomy":"product_tag","embeddable":true,"href":"https:\/\/transfertomarbella.es\/es\/wp-json\/wp\/v2\/product_tag?post=955"}],"curies":[{"name":"wp","href":"https:\/\/api.w.org\/{rel}","templated":true}]}}