{"id":1424,"date":"2023-04-30T13:08:51","date_gmt":"2023-04-30T13:08:51","guid":{"rendered":"https:\/\/transfertomarbella.es\/?post_type=product&#038;p=1424"},"modified":"2025-01-16T02:21:58","modified_gmt":"2025-01-16T02:21:58","slug":"visits-sevilla-mercedes-minivan-v-class-9-hours","status":"publish","type":"product","link":"https:\/\/transfertomarbella.es\/es\/book-now\/visits-sevilla-mercedes-minivan-v-class-9-hours\/","title":{"rendered":"VISITAS SEVILLA MERCEDES MINIVAN CLASE V (9 HORAS)"},"content":{"rendered":"<p><strong>Todas las reservas deber\u00e1n realizarse entre las 8:00 y las 20:00 horas, hora espa\u00f1ola, tanto online como v\u00eda WhatsApp y email.<\/strong><\/p>\n<p><strong>VISITS SEVILLA MERCEDES MINIVAN V CLASS (9 HOURS): 632,50 \u20ac<\/strong><\/p>\n<p><strong>EL PRECIO POR 9 HORAS INCLUYE EL 10% DE IVA<\/strong><\/p>\n<p><strong>VISITS TO SEVILLA ARE 9 HOURS, EACH EXTRA HOUR WILL BE BILLED AT 45 \u20ac + 10 % VAT:\u00a0 49,50 \u20ac EACH EXTRA HOUR AFTER 9 HOURS<\/strong><\/p>\n<p><strong>4 HORAS: 75 KM<\/strong><\/p>\n<p><strong>8 HORAS: 150 KM<\/strong><\/p>\n<p><strong>12 HORAS: 225 KM<\/strong><\/p>\n<p><strong>PRECIO POR KM EXTRA: 0,40 CENTS \u20ac<\/strong><\/p>\n<p>1-7 Pasajeros<\/p>\n<p>1-7 Equipajes<\/p>\n<p>1-7 Equipaje de mano<\/p>\n<p>Disponemos de sillitas de bebe<\/p>\n<p>Pago directo al conductor en efectivo<\/p>\n<p><strong>NOTA:<\/strong> Elige las horas deseadas, si quieres m\u00e1s o menos horas contacta con nosotros antes de realizar la reserva online, nos pondremos en contacto contigo para confirmar la reserva, reserva y cancelaci\u00f3n con al menos 24 horas de antelaci\u00f3n y siempre pago directo al conductor. Cualquier duda u otros servicios puedes contactar con nosotros por email, tel\u00e9fono o whatsapp.<\/p>\n<p><strong>MUY IMPORTANTE:<\/strong> LOS PRECIOS DE LAS VISITAS SON DIFERENTES A LOS PRECIOS DE LA DISPONIBILIDAD POR HORAS EN CADA MODELO DE AUTO, SELECCIONE CORRECTAMENTE SU SERVICIO Y <strong>PARA OTROS DESTINOS NO DUDES EN PREGUNTARNOS POR WHATS APP, ES LA FORMA M\u00c1S R\u00c1PIDA DE RESPONDERTE. +34 635 64 43 61<\/strong><\/p>\n<p>+34 635 644 361<\/p>\n<p>info@transfertomarbella.es<\/p>","protected":false},"excerpt":{"rendered":"<p>All reservations must be made between 8:00 a.m. and 8:00 p.m., Spanish time, both online and via WhatsApp &amp; email. VISITS SEVILLA MERCEDES MINIVAN V CLASS (9 HOURS): 632,50 \u20ac THE PRICE FOR 9 HOURS INCLUDES 10% VAT VISITS TO SEVILLA ARE 9 HOURS, EACH EXTRA HOUR WILL BE BILLED AT 45 \u20ac + 10&hellip;<\/p>","protected":false},"featured_media":1867,"template":"","meta":{"om_disable_all_campaigns":false,"_monsterinsights_skip_tracking":false,"_monsterinsights_sitenote_active":false,"_monsterinsights_sitenote_note":"","_monsterinsights_sitenote_category":0},"product_brand":[],"product_cat":[89,148],"product_tag":[134,91,113,95,94,102,97,99,100,93,96,103,92],"class_list":{"0":"post-1424","1":"product","2":"type-product","3":"status-publish","4":"has-post-thumbnail","6":"product_cat-marbella-transfer-all-the-services","7":"product_cat-visits-sevilla","8":"product_tag-availability-mercedes-minivan-v-class-7-pax","9":"product_tag-marbella-transfer","10":"product_tag-mercedes-minivan-v-class-7-pax","11":"product_tag-mercedes-v-class","12":"product_tag-minivan-mercedes","13":"product_tag-rent-car-with-driver","14":"product_tag-transfer-airport-malaga-agp-2","15":"product_tag-transfer-estepona","16":"product_tag-transfer-malaga","17":"product_tag-transfer-marbella","18":"product_tag-transfer-puerto-banus","19":"product_tag-transfer-san-pedro-alcantara","20":"product_tag-transfer-to-marbella","22":"first","23":"instock","24":"taxable","25":"shipping-taxable","26":"purchasable","27":"product-type-variable"},"_links":{"self":[{"href":"https:\/\/transfertomarbella.es\/es\/wp-json\/wp\/v2\/product\/1424","targetHints":{"allow":["GET"]}}],"collection":[{"href":"https:\/\/transfertomarbella.es\/es\/wp-json\/wp\/v2\/product"}],"about":[{"href":"https:\/\/transfertomarbella.es\/es\/wp-json\/wp\/v2\/types\/product"}],"wp:featuredmedia":[{"embeddable":true,"href":"https:\/\/transfertomarbella.es\/es\/wp-json\/wp\/v2\/media\/1867"}],"wp:attachment":[{"href":"https:\/\/transfertomarbella.es\/es\/wp-json\/wp\/v2\/media?parent=1424"}],"wp:term":[{"taxonomy":"product_brand","embeddable":true,"href":"https:\/\/transfertomarbella.es\/es\/wp-json\/wp\/v2\/product_brand?post=1424"},{"taxonomy":"product_cat","embeddable":true,"href":"https:\/\/transfertomarbella.es\/es\/wp-json\/wp\/v2\/product_cat?post=1424"},{"taxonomy":"product_tag","embeddable":true,"href":"https:\/\/transfertomarbella.es\/es\/wp-json\/wp\/v2\/product_tag?post=1424"}],"curies":[{"name":"wp","href":"https:\/\/api.w.org\/{rel}","templated":true}]}}