{"id":1408,"date":"2023-04-30T12:31:01","date_gmt":"2023-04-30T12:31:01","guid":{"rendered":"https:\/\/transfertomarbella.es\/?post_type=product&#038;p=1408"},"modified":"2025-01-15T02:01:01","modified_gmt":"2025-01-15T02:01:01","slug":"visits-ronda-gibraltar-mercedes-319-tourer-4-hours","status":"publish","type":"product","link":"https:\/\/transfertomarbella.es\/es\/book-now\/visits-ronda-gibraltar-mercedes-319-tourer-4-hours\/","title":{"rendered":"VISITS RONDA &#038; GIBRALTAR MERCEDES 319 TOURER (8 HOURS)"},"content":{"rendered":"<p><strong>Todas las reservas deber\u00e1n realizarse entre las 8:00 y las 20:00 horas, hora espa\u00f1ola, tanto online como v\u00eda WhatsApp y email.<\/strong><\/p>\n<p><strong>VISITS RONDA &amp; GIBRALTAR MERCEDES 319 TOURER 9 PAX (4 HOURS): 495 \u20ac<\/strong><\/p>\n<p><strong>THE PRICE FOR 4 HOURS INCLUDES 10% VAT<\/strong><\/p>\n<p><strong>VISITS TO RONDA &amp; GIBRALTAR ARE 4 HOURS, EACH EXTRA HOUR WILL BE BILLED AT 100 \u20ac + 10 % VAT:\u00a0 110 \u20ac EACH EXTRA HOUR AFTER 4 HOURS<\/strong><\/p>\n<p><strong>4 HORAS: 75 KM<\/strong><\/p>\n<p><strong>8 HORAS: 150 KM<\/strong><\/p>\n<p><strong>12 HORAS: 225 KM<\/strong><\/p>\n<p><strong>PRECIO POR KM EXTRA: 0,40 CENTS \u20ac<\/strong><\/p>\n<p>1-9 Passengers<\/p>\n<p>1-9 Luggages<\/p>\n<p>1-9 Hand Luggages<\/p>\n<p>Disponemos de sillitas de bebe<\/p>\n<p>Pago directo al conductor en efectivo<\/p>\n<p>Includes Minibar and coffee machine<\/p>\n<p><strong>NOTA:<\/strong> Elige la ruta deseada ya sea ida y vuelta, haz tu reserva de transfer y nos pondremos en contacto contigo para confirmar la reserva, reserva y cancelaci\u00f3n con al menos 24 horas de antelaci\u00f3n y siempre pago directo al conductor. Cualquier duda u otros destinos puedes contactar con nosotros por email, tel\u00e9fono o whats app.<\/p>\n<p><strong>MUY IMPORTANTE:<\/strong> LOS PRECIOS DE LAS VISITAS SON DIFERENTES A LOS PRECIOS DE LA DISPONIBILIDAD POR HORAS EN CADA MODELO DE AUTO, SELECCIONE CORRECTAMENTE SU SERVICIO Y <strong>PARA OTROS DESTINOS NO DUDES EN PREGUNTARNOS POR WHATS APP, ES LA FORMA M\u00c1S R\u00c1PIDA DE RESPONDERTE. +34 635 64 43 61<\/strong><\/p>\n<p>+34 635 644 361<\/p>\n<p>info@transfertomarbella.es<\/p>","protected":false},"excerpt":{"rendered":"<p>All reservations must be made between 8:00 a.m. and 8:00 p.m., Spanish time, both online and via WhatsApp &amp; email. VISITS RONDA &amp; GIBRALTAR MERCEDES 319 TOURER 9 PAX (4 HOURS): 495 \u20ac THE PRICE FOR 4 HOURS INCLUDES 10% VAT VISITS TO RONDA &amp; GIBRALTAR ARE 4 HOURS, EACH EXTRA HOUR WILL BE BILLED&hellip;<\/p>","protected":false},"featured_media":2020,"template":"","meta":{"om_disable_all_campaigns":false,"_monsterinsights_skip_tracking":false,"_monsterinsights_sitenote_active":false,"_monsterinsights_sitenote_note":"","_monsterinsights_sitenote_category":0},"product_brand":[],"product_cat":[89,150],"product_tag":[],"class_list":{"0":"post-1408","1":"product","2":"type-product","3":"status-publish","4":"has-post-thumbnail","6":"product_cat-marbella-transfer-all-the-services","7":"product_cat-visits-ronda-gibraltar","9":"first","10":"instock","11":"taxable","12":"shipping-taxable","13":"purchasable","14":"product-type-variable"},"_links":{"self":[{"href":"https:\/\/transfertomarbella.es\/es\/wp-json\/wp\/v2\/product\/1408","targetHints":{"allow":["GET"]}}],"collection":[{"href":"https:\/\/transfertomarbella.es\/es\/wp-json\/wp\/v2\/product"}],"about":[{"href":"https:\/\/transfertomarbella.es\/es\/wp-json\/wp\/v2\/types\/product"}],"wp:featuredmedia":[{"embeddable":true,"href":"https:\/\/transfertomarbella.es\/es\/wp-json\/wp\/v2\/media\/2020"}],"wp:attachment":[{"href":"https:\/\/transfertomarbella.es\/es\/wp-json\/wp\/v2\/media?parent=1408"}],"wp:term":[{"taxonomy":"product_brand","embeddable":true,"href":"https:\/\/transfertomarbella.es\/es\/wp-json\/wp\/v2\/product_brand?post=1408"},{"taxonomy":"product_cat","embeddable":true,"href":"https:\/\/transfertomarbella.es\/es\/wp-json\/wp\/v2\/product_cat?post=1408"},{"taxonomy":"product_tag","embeddable":true,"href":"https:\/\/transfertomarbella.es\/es\/wp-json\/wp\/v2\/product_tag?post=1408"}],"curies":[{"name":"wp","href":"https:\/\/api.w.org\/{rel}","templated":true}]}}