{"id":1403,"date":"2023-04-30T12:16:37","date_gmt":"2023-04-30T12:16:37","guid":{"rendered":"https:\/\/transfertomarbella.es\/?post_type=product&#038;p=1403"},"modified":"2025-01-15T02:01:11","modified_gmt":"2025-01-15T02:01:11","slug":"visits-granada-mercedes-319-tourer-9-hours","status":"publish","type":"product","link":"https:\/\/transfertomarbella.es\/es\/book-now\/visits-granada-mercedes-319-tourer-9-hours\/","title":{"rendered":"VISITAS GRANADA MERCEDES 319 TOURER (9 HORAS)"},"content":{"rendered":"<p><strong>VISITS GRANADA MERCEDES 319 TOURER 9 PAX (9 HOURS): 990 \u20ac<\/strong><\/p>\n<p><strong>EL PRECIO POR 8 HORAS INCLUYE EL 10% DE IVA<\/strong><\/p>\n<p><strong>VISITS TO GRANADA ARE 8 HOURS, EACH EXTRA HOUR WILL BE BILLED AT 100 \u20ac + 10 % VAT:\u00a0 110 \u20ac EACH EXTRA HOUR AFTER 8 HOURS<\/strong><\/p>\n<p>1-9 Passengers<\/p>\n<p>1-9 Luggages<\/p>\n<p>1-9 Hand Luggages<\/p>\n<p>Disponemos de sillitas de bebe<\/p>\n<p>Pago directo al conductor en efectivo<\/p>\n<p>Includes Minibar and coffee machine<\/p>\n<p><strong>NOTA:<\/strong> Elige la ruta deseada ya sea ida y vuelta, haz tu reserva de transfer y nos pondremos en contacto contigo para confirmar la reserva, reserva y cancelaci\u00f3n con al menos 24 horas de antelaci\u00f3n y siempre pago directo al conductor. Cualquier duda u otros destinos puedes contactar con nosotros por email, tel\u00e9fono o whats app.<\/p>\n<p><strong>MUY IMPORTANTE:<\/strong> LOS PRECIOS DE LAS VISITAS SON DIFERENTES A LOS PRECIOS DE LA DISPONIBILIDAD POR HORAS EN CADA MODELO DE AUTO, SELECCIONE CORRECTAMENTE SU SERVICIO Y <strong>PARA OTROS DESTINOS NO DUDES EN PREGUNTARNOS POR WHATS APP, ES LA FORMA M\u00c1S R\u00c1PIDA DE RESPONDERTE. +34 635 64 43 61<\/strong><\/p>\n<p>+34 635 644 361<\/p>\n<p>info@transfertomarbella.es<\/p>","protected":false},"excerpt":{"rendered":"<p>VISITS GRANADA MERCEDES 319 TOURER 9 PAX (9 HOURS): 990 \u20ac THE PRICE FOR 8 HOURS INCLUDES 10% VAT VISITS TO GRANADA ARE 8 HOURS, EACH EXTRA HOUR WILL BE BILLED AT 100 \u20ac + 10 % VAT:\u00a0 110 \u20ac EACH EXTRA HOUR AFTER 8 HOURS 1-9 Passengers 1-9 Luggages 1-9 Hand Luggages We have&hellip;<\/p>","protected":false},"featured_media":2020,"template":"","meta":{"om_disable_all_campaigns":false,"_monsterinsights_skip_tracking":false,"_monsterinsights_sitenote_active":false,"_monsterinsights_sitenote_note":"","_monsterinsights_sitenote_category":0},"product_brand":[],"product_cat":[89],"product_tag":[],"class_list":{"0":"post-1403","1":"product","2":"type-product","3":"status-publish","4":"has-post-thumbnail","6":"product_cat-marbella-transfer-all-the-services","8":"first","9":"instock","10":"taxable","11":"shipping-taxable","12":"purchasable","13":"product-type-variable"},"_links":{"self":[{"href":"https:\/\/transfertomarbella.es\/es\/wp-json\/wp\/v2\/product\/1403","targetHints":{"allow":["GET"]}}],"collection":[{"href":"https:\/\/transfertomarbella.es\/es\/wp-json\/wp\/v2\/product"}],"about":[{"href":"https:\/\/transfertomarbella.es\/es\/wp-json\/wp\/v2\/types\/product"}],"wp:featuredmedia":[{"embeddable":true,"href":"https:\/\/transfertomarbella.es\/es\/wp-json\/wp\/v2\/media\/2020"}],"wp:attachment":[{"href":"https:\/\/transfertomarbella.es\/es\/wp-json\/wp\/v2\/media?parent=1403"}],"wp:term":[{"taxonomy":"product_brand","embeddable":true,"href":"https:\/\/transfertomarbella.es\/es\/wp-json\/wp\/v2\/product_brand?post=1403"},{"taxonomy":"product_cat","embeddable":true,"href":"https:\/\/transfertomarbella.es\/es\/wp-json\/wp\/v2\/product_cat?post=1403"},{"taxonomy":"product_tag","embeddable":true,"href":"https:\/\/transfertomarbella.es\/es\/wp-json\/wp\/v2\/product_tag?post=1403"}],"curies":[{"name":"wp","href":"https:\/\/api.w.org\/{rel}","templated":true}]}}