{"id":1371,"date":"2023-04-30T11:21:11","date_gmt":"2023-04-30T11:21:11","guid":{"rendered":"https:\/\/transfertomarbella.es\/?post_type=product&#038;p=1371"},"modified":"2024-08-15T20:22:11","modified_gmt":"2024-08-15T20:22:11","slug":"visits-cordoba-mercedes-s-class-3-pax-8-hours","status":"publish","type":"product","link":"https:\/\/transfertomarbella.es\/es\/book-now\/visits-cordoba-mercedes-s-class-3-pax-8-hours\/","title":{"rendered":"VISITAS C\u00d3RDOBA MERCEDES CLASE S \u2013 3 PAX (8 HORAS)"},"content":{"rendered":"<p><strong>Todas las reservas deber\u00e1n realizarse entre las 8:00 y las 20:00 horas, hora espa\u00f1ola, tanto online como v\u00eda WhatsApp y email.<\/strong><\/p>\n<p><strong>VISITS C\u00d3RDOBA MERCEDES S CLASS &#8211; 3 PAX : 770 \u20ac (8 HOURS)<\/strong><\/p>\n<p><strong>EL PRECIO POR 8 HORAS INCLUYE EL 10% DE IVA<\/strong><\/p>\n<p><strong>LAS VISITAS A C\u00d3RDOBA SON DE 8 HORAS, CADA HORA EXTRA SE FACTURAR\u00c1 A 50 \u20ac + 10 % IVA: 55 \u20ac CADA HORA EXTRA A PARTIR DE LAS 8 HORAS<\/strong><\/p>\n<p><strong>4 HORAS: 75 KM<\/strong><\/p>\n<p><strong>8 HORAS: 150 KM<\/strong><\/p>\n<p><strong>12 HORAS: 225 KM<\/strong><\/p>\n<p><strong>PRECIO POR KM EXTRA: 0,40 CENTS \u20ac<\/strong><\/p>\n<p>1-3 pasajeros<\/p>\n<p>1-3 Equipajes<\/p>\n<p>1-3 equipajes de mano<\/p>\n<p>Disponemos de sillitas de bebe<\/p>\n<p>Pago directo al conductor en efectivo<\/p>\n<p><strong>NOTA:<\/strong> Elige la ruta deseada ya sea ida y vuelta, haz tu reserva de transfer y nos pondremos en contacto contigo para confirmar la reserva, reserva y cancelaci\u00f3n con al menos 24 horas de antelaci\u00f3n y siempre pago directo al conductor. Cualquier duda u otros destinos puedes contactar con nosotros por email, tel\u00e9fono o whats app.<\/p>\n<p><strong>MUY IMPORTANTE:<\/strong> LOS PRECIOS DE LAS VISITAS SON DIFERENTES A LOS PRECIOS DE LA DISPONIBILIDAD POR HORAS EN CADA MODELO DE AUTO, SELECCIONE CORRECTAMENTE SU SERVICIO Y <strong>PARA OTROS DESTINOS NO DUDES EN PREGUNTARNOS POR WHATS APP, ES LA FORMA M\u00c1S R\u00c1PIDA DE RESPONDERTE. +34 635 64 43 61<\/strong><\/p>\n<p>+34 635 644 361<\/p>\n<p>info@transfertomarbella.es<\/p>","protected":false},"excerpt":{"rendered":"<p>All reservations must be made between 8:00 a.m. and 8:00 p.m., Spanish time, both online and via WhatsApp &amp; email. VISITS C\u00d3RDOBA MERCEDES S CLASS &#8211; 3 PAX : 770 \u20ac (8 HOURS) THE PRICE FOR 8 HOURS INCLUDES 10% VAT VISITS TO C\u00d3RDOBA ARE 8 HOURS, EACH EXTRA HOUR WILL BE BILLED AT 50&hellip;<\/p>","protected":false},"featured_media":1624,"template":"","meta":{"om_disable_all_campaigns":false,"_monsterinsights_skip_tracking":false,"_monsterinsights_sitenote_active":false,"_monsterinsights_sitenote_note":"","_monsterinsights_sitenote_category":0},"product_brand":[],"product_cat":[89,147],"product_tag":[136,91,110,102,109,99,100,98,93,111,96,103,92],"class_list":{"0":"post-1371","1":"product","2":"type-product","3":"status-publish","4":"has-post-thumbnail","6":"product_cat-marbella-transfer-all-the-services","7":"product_cat-visits-cordoba","8":"product_tag-availability-mercedes-s-class-3-pax","9":"product_tag-marbella-transfer","10":"product_tag-mercedes-s-class","11":"product_tag-rent-car-with-driver","12":"product_tag-transfer-airport-malaga-agp","13":"product_tag-transfer-estepona","14":"product_tag-transfer-malaga","15":"product_tag-transfer-marbella-puerto-banus","16":"product_tag-transfer-marbella","17":"product_tag-transfer-mercedes-s-class-3-pax","18":"product_tag-transfer-puerto-banus","19":"product_tag-transfer-san-pedro-alcantara","20":"product_tag-transfer-to-marbella","22":"first","23":"instock","24":"taxable","25":"shipping-taxable","26":"purchasable","27":"product-type-variable"},"_links":{"self":[{"href":"https:\/\/transfertomarbella.es\/es\/wp-json\/wp\/v2\/product\/1371","targetHints":{"allow":["GET"]}}],"collection":[{"href":"https:\/\/transfertomarbella.es\/es\/wp-json\/wp\/v2\/product"}],"about":[{"href":"https:\/\/transfertomarbella.es\/es\/wp-json\/wp\/v2\/types\/product"}],"wp:featuredmedia":[{"embeddable":true,"href":"https:\/\/transfertomarbella.es\/es\/wp-json\/wp\/v2\/media\/1624"}],"wp:attachment":[{"href":"https:\/\/transfertomarbella.es\/es\/wp-json\/wp\/v2\/media?parent=1371"}],"wp:term":[{"taxonomy":"product_brand","embeddable":true,"href":"https:\/\/transfertomarbella.es\/es\/wp-json\/wp\/v2\/product_brand?post=1371"},{"taxonomy":"product_cat","embeddable":true,"href":"https:\/\/transfertomarbella.es\/es\/wp-json\/wp\/v2\/product_cat?post=1371"},{"taxonomy":"product_tag","embeddable":true,"href":"https:\/\/transfertomarbella.es\/es\/wp-json\/wp\/v2\/product_tag?post=1371"}],"curies":[{"name":"wp","href":"https:\/\/api.w.org\/{rel}","templated":true}]}}