{"id":1353,"date":"2023-04-30T10:41:15","date_gmt":"2023-04-30T10:41:15","guid":{"rendered":"https:\/\/transfertomarbella.es\/?post_type=product&#038;p=1353"},"modified":"2025-01-15T02:01:34","modified_gmt":"2025-01-15T02:01:34","slug":"new-bus-mercedes-319-tourer","status":"publish","type":"product","link":"https:\/\/transfertomarbella.es\/es\/book-now\/new-bus-mercedes-319-tourer\/","title":{"rendered":"NEW BUS MERCEDES 319 TOURER"},"content":{"rendered":"<p><strong>COMING SOON NEW BUS MERCEDES 319 TOURER (9 PAX) MARBELLA TRANSFER<\/strong><\/p>\n<p>1-9 Passengers<\/p>\n<p>1-9 Luggages<\/p>\n<p>1-9 Hand Luggages<\/p>\n<p>Disponemos de sillitas de bebe<\/p>\n<p>Pago directo al conductor en efectivo<\/p>\n<p><strong>NOTA:<\/strong> Elige la ruta deseada ya sea ida y vuelta, haz tu reserva de transfer y nos pondremos en contacto contigo para confirmar la reserva, reserva y cancelaci\u00f3n con al menos 24 horas de antelaci\u00f3n y siempre pago directo al conductor. Cualquier duda u otros destinos puedes contactar con nosotros por email, tel\u00e9fono o whats app.<\/p>\n<p><strong>+34 635 644 361<\/strong><\/p>\n<p><strong>info@transfertomarbella.es<\/strong><\/p>","protected":false},"excerpt":{"rendered":"<p>COMING SOON NEW BUS MERCEDES 319 TOURER (9 PAX) MARBELLA TRANSFER 1-9 Passengers 1-9 Luggages 1-9 Hand Luggages We have bavy seats Direct payment to the driver in cash NOTE: Choose the desired route whether it is round trip, make your transfer reservation and we will contact you to confirm the reservation, reservation and cancellation&hellip;<\/p>","protected":false},"featured_media":1361,"template":"","meta":{"om_disable_all_campaigns":false,"_monsterinsights_skip_tracking":false,"_monsterinsights_sitenote_active":false,"_monsterinsights_sitenote_note":"","_monsterinsights_sitenote_category":0},"product_brand":[],"product_cat":[89],"product_tag":[142],"class_list":{"0":"post-1353","1":"product","2":"type-product","3":"status-publish","4":"has-post-thumbnail","6":"product_cat-marbella-transfer-all-the-services","7":"product_tag-new-bus-mercedes-319-tourer-comming-soon","9":"first","10":"outofstock","11":"taxable","12":"shipping-taxable","13":"product-type-variable"},"_links":{"self":[{"href":"https:\/\/transfertomarbella.es\/es\/wp-json\/wp\/v2\/product\/1353","targetHints":{"allow":["GET"]}}],"collection":[{"href":"https:\/\/transfertomarbella.es\/es\/wp-json\/wp\/v2\/product"}],"about":[{"href":"https:\/\/transfertomarbella.es\/es\/wp-json\/wp\/v2\/types\/product"}],"wp:featuredmedia":[{"embeddable":true,"href":"https:\/\/transfertomarbella.es\/es\/wp-json\/wp\/v2\/media\/1361"}],"wp:attachment":[{"href":"https:\/\/transfertomarbella.es\/es\/wp-json\/wp\/v2\/media?parent=1353"}],"wp:term":[{"taxonomy":"product_brand","embeddable":true,"href":"https:\/\/transfertomarbella.es\/es\/wp-json\/wp\/v2\/product_brand?post=1353"},{"taxonomy":"product_cat","embeddable":true,"href":"https:\/\/transfertomarbella.es\/es\/wp-json\/wp\/v2\/product_cat?post=1353"},{"taxonomy":"product_tag","embeddable":true,"href":"https:\/\/transfertomarbella.es\/es\/wp-json\/wp\/v2\/product_tag?post=1353"}],"curies":[{"name":"wp","href":"https:\/\/api.w.org\/{rel}","templated":true}]}}