{"id":1023,"date":"2021-11-15T15:30:31","date_gmt":"2021-11-15T15:30:31","guid":{"rendered":"https:\/\/transfertomarbella.es\/?post_type=product&#038;p=1023"},"modified":"2024-08-15T19:56:19","modified_gmt":"2024-08-15T19:56:19","slug":"transfer-mercedes-s-class-3-pax","status":"publish","type":"product","link":"https:\/\/transfertomarbella.es\/es\/book-now\/transfer-mercedes-s-class-3-pax\/","title":{"rendered":"TRASLADO  MERCEDES CLASE S \u2013 3 PASAJEROS"},"content":{"rendered":"<p><strong>Todas las reservas deber\u00e1n realizarse entre las 8:00 y las 20:00 horas, hora espa\u00f1ola, tanto online como v\u00eda WhatsApp y email.<\/strong><\/p>\n<p><strong>TRASLADO  MERCEDES CLASE S \u2013 3 PASAJEROS<\/strong><\/p>\n<p>1-3 pasajeros<\/p>\n<p>1-3 Equipajes<\/p>\n<p>1-3 equipajes de mano<\/p>\n<p>Disponemos de sillitas de bebe<\/p>\n<p>Pago directo al conductor en efectivo<\/p>\n<p><strong>EL PRECIO POR 8 HORAS INCLUYE EL 10% DE IVA<\/strong><\/p>\n<p><strong>NOTA:<\/strong>\u00a0Elige la ruta deseada ya sea ida y vuelta, haz tu reserva de transfer y nos pondremos en contacto contigo para confirmar la reserva, reserva y cancelaci\u00f3n con al menos 24 horas de antelaci\u00f3n y siempre pago directo al conductor. Cualquier duda u otros destinos puedes contactar con nosotros por email, tel\u00e9fono o whats app.<\/p>\n<p><strong>MUY IMPORTANTE:<\/strong>\u00a0LOS PRECIOS DE LAS VISITAS SON DIFERENTES A LOS PRECIOS DE LA DISPONIBILIDAD POR HORAS EN CADA MODELO DE AUTO, SELECCIONE CORRECTAMENTE SU SERVICIO Y\u00a0<strong>PARA OTROS DESTINOS NO DUDES EN PREGUNTARNOS POR WHATS APP, ES LA FORMA M\u00c1S R\u00c1PIDA DE RESPONDERTE. +34 635 64 43 61<\/strong><\/p>\n<p><strong>+34 635 644 361<\/strong><\/p>\n<p><strong>info@transfertomarbella.es<\/strong><\/p>","protected":false},"excerpt":{"rendered":"<p>All reservations must be made between 8:00 a.m. and 8:00 p.m., Spanish time, both online and via WhatsApp &amp; email. TRANSFER MERCEDES S CLASS &#8211; 3 PAX 1-3 Passengers 1-3 Luggages 1-3 Hand Luggages We have bavy seats Direct payment to the driver in cash THE PRICE FOR 8 HOURS INCLUDES 10% VAT NOTE:\u00a0Choose the&hellip;<\/p>","protected":false},"featured_media":1624,"template":"","meta":{"om_disable_all_campaigns":false,"_monsterinsights_skip_tracking":false,"_monsterinsights_sitenote_active":false,"_monsterinsights_sitenote_note":"","_monsterinsights_sitenote_category":0},"product_brand":[],"product_cat":[116],"product_tag":[91,110,102,109,99,100,98,93,111,96,103,92],"class_list":{"0":"post-1023","1":"product","2":"type-product","3":"status-publish","4":"has-post-thumbnail","6":"product_cat-transfers-airport-malaga-hotel-hotel-airport-malaga","7":"product_tag-marbella-transfer","8":"product_tag-mercedes-s-class","9":"product_tag-rent-car-with-driver","10":"product_tag-transfer-airport-malaga-agp","11":"product_tag-transfer-estepona","12":"product_tag-transfer-malaga","13":"product_tag-transfer-marbella-puerto-banus","14":"product_tag-transfer-marbella","15":"product_tag-transfer-mercedes-s-class-3-pax","16":"product_tag-transfer-puerto-banus","17":"product_tag-transfer-san-pedro-alcantara","18":"product_tag-transfer-to-marbella","20":"first","21":"instock","22":"taxable","23":"shipping-taxable","24":"purchasable","25":"product-type-variable"},"_links":{"self":[{"href":"https:\/\/transfertomarbella.es\/es\/wp-json\/wp\/v2\/product\/1023","targetHints":{"allow":["GET"]}}],"collection":[{"href":"https:\/\/transfertomarbella.es\/es\/wp-json\/wp\/v2\/product"}],"about":[{"href":"https:\/\/transfertomarbella.es\/es\/wp-json\/wp\/v2\/types\/product"}],"wp:featuredmedia":[{"embeddable":true,"href":"https:\/\/transfertomarbella.es\/es\/wp-json\/wp\/v2\/media\/1624"}],"wp:attachment":[{"href":"https:\/\/transfertomarbella.es\/es\/wp-json\/wp\/v2\/media?parent=1023"}],"wp:term":[{"taxonomy":"product_brand","embeddable":true,"href":"https:\/\/transfertomarbella.es\/es\/wp-json\/wp\/v2\/product_brand?post=1023"},{"taxonomy":"product_cat","embeddable":true,"href":"https:\/\/transfertomarbella.es\/es\/wp-json\/wp\/v2\/product_cat?post=1023"},{"taxonomy":"product_tag","embeddable":true,"href":"https:\/\/transfertomarbella.es\/es\/wp-json\/wp\/v2\/product_tag?post=1023"}],"curies":[{"name":"wp","href":"https:\/\/api.w.org\/{rel}","templated":true}]}}