{"id":279,"date":"2017-12-29T09:12:10","date_gmt":"2017-12-29T09:12:10","guid":{"rendered":"http:\/\/demo.sparklewpthemes.com\/kingcabs\/?page_id=279"},"modified":"2025-01-15T01:47:25","modified_gmt":"2025-01-15T01:47:25","slug":"rent-cars-with-driver-for-hours-or-days","status":"publish","type":"page","link":"https:\/\/transfertomarbella.es\/es\/rent-cars-with-driver-for-hours-or-days\/","title":{"rendered":"ALQUILER DE COCHES CON CONDUCTOR POR HORAS O D\u00cdAS"},"content":{"rendered":"<div data-elementor-type=\"wp-page\" data-elementor-id=\"279\" class=\"elementor elementor-279\">\n\t\t\t\t\t\t<section class=\"elementor-section elementor-top-section elementor-element elementor-element-3d7fb762 elementor-section-stretched elementor-section-boxed elementor-section-height-default elementor-section-height-default sc_fly_static\" data-id=\"3d7fb762\" data-element_type=\"section\" data-settings=\"{&quot;stretch_section&quot;:&quot;section-stretched&quot;,&quot;background_background&quot;:&quot;classic&quot;}\">\n\t\t\t\t\t\t<div class=\"elementor-container elementor-column-gap-extended\">\n\t\t\t\t\t<div class=\"elementor-column elementor-col-100 elementor-top-column elementor-element elementor-element-68b96d61 sc_content_align_inherit sc_layouts_column_icons_position_left sc_fly_static\" data-id=\"68b96d61\" data-element_type=\"column\">\n\t\t\t<div class=\"elementor-widget-wrap elementor-element-populated\">\n\t\t\t\t\t\t<div class=\"elementor-element elementor-element-55404a1e sc_fly_static elementor-widget elementor-widget-text-editor\" data-id=\"55404a1e\" data-element_type=\"widget\" data-widget_type=\"text-editor.default\">\n\t\t\t\t<div class=\"elementor-widget-container\">\n\t\t\t\t\t\t\t\t\t<div dir=\"auto\"><p style=\"text-align: center;\"><span style=\"color: #ffffff;\">MARBELLA TRANSFER ofrecemos traslados privados con conductores altamente cualificados e idiomas, somos l\u00edderes en este sector y contamos con 16 a\u00f1os de experiencia desde 2001 trabajando en Marbella y toda Espa\u00f1a, as\u00ed como consulados, embajadas y varios clientes. MARBELLA TRANSFER tambi\u00e9n interesados en la satisfacci\u00f3n de nuestros clientes, organice sus vacaciones, su evento, su destino con nosotros, de la mano de expertos con MARBELLA TRANSFER estamos a su disposici\u00f3n las 24 horas los 365 d\u00edas del a\u00f1o, haga su reserva con nosotros. Estaremos encantados de estar a su disposici\u00f3n.<\/span><\/p><p style=\"text-align: center;\"><span style=\"color: #ffffff;\">We have the best cars at the best price. Mercedes Minivan 7 pax, Mercedes class S 4 Pax, Bus Mercedes 319 Tourer 21 pax\u2026 Book your transfer now\u2026<\/span><\/p><p style=\"text-align: center;\"><span style=\"color: #ffffff;\">Traslados con conductor privado entre el aeropuerto de M\u00e1laga AGP \u2013 Marbella, Puerto Ban\u00fas, Guadalmina, estaciones de tren, embajadas, hoteles, campos de golf, reuniones de empresa, disposici\u00f3n por horas o d\u00edas con veh\u00edculos de alta gama, siempre al mejor precio.<\/span><\/p><\/div><div dir=\"auto\" style=\"text-align: center;\">\u00a0<\/div><div dir=\"auto\" style=\"text-align: center;\"><span style=\"color: #ffffff;\">\u2013 The car and the driver that simplifies life:<\/span><\/div><div dir=\"auto\" style=\"text-align: center;\"><span style=\"color: #ffffff;\">\u2013 Un precio fijo previo en la reserva.<\/span><\/div><div dir=\"auto\" style=\"text-align: center;\"><span style=\"color: #ffffff;\">\u2013 Un ch\u00f3fer profesional discreto y privado con idiomas.<\/span><\/div><div dir=\"auto\" style=\"text-align: center;\"><span style=\"color: #ffffff;\">\u2013 Un servicio adaptado a tus necesidades.<\/span><\/div><div dir=\"auto\" style=\"text-align: center;\"><span style=\"color: #ffffff;\">\u2013 Puntualidad, privacidad y comodidad en cada viaje.<\/span><\/div><div dir=\"auto\" style=\"text-align: center;\"><span style=\"color: #ffffff;\">\u2013 Disponemos de sillitas para beb\u00e9s.<\/span><\/div><div dir=\"auto\" style=\"text-align: center;\"><span style=\"color: #ffffff;\">\u2013 Pago directo al conductor<\/span><\/div><div dir=\"auto\" style=\"text-align: center;\"><span style=\"color: #ffffff;\">\u2013 Podr\u00e1s reservar tu traslado en cualquier momento.<\/span><\/div><div dir=\"auto\" style=\"text-align: center;\"><span style=\"color: #ffffff;\">\u2013 Disponibilidad de alquiler de veh\u00edculos con conductor por horas o d\u00edas.<\/span><\/div><div dir=\"auto\" style=\"text-align: center;\"><span style=\"color: #ffffff;\">\u2013 Alquiler de villas y casas de lujo con servicio de ch\u00f3fer incluido.<\/span><\/div><div dir=\"auto\" style=\"text-align: center;\"><span style=\"color: #ffffff;\">\u2013 Villas y casas vacacionales en Marbella con transporte incluido.<\/span><\/div>\t\t\t\t\t\t\t\t<\/div>\n\t\t\t\t<\/div>\n\t\t\t\t\t<\/div>\n\t\t<\/div>\n\t\t\t\t\t<\/div>\n\t\t<\/section>\n\t\t\t\t<section class=\"elementor-section elementor-top-section elementor-element elementor-element-3ebe5539 elementor-section-stretched elementor-section-boxed elementor-section-height-default elementor-section-height-default sc_fly_static\" data-id=\"3ebe5539\" data-element_type=\"section\" data-settings=\"{&quot;stretch_section&quot;:&quot;section-stretched&quot;,&quot;background_background&quot;:&quot;classic&quot;}\">\n\t\t\t\t\t\t<div class=\"elementor-container elementor-column-gap-extended\">\n\t\t\t\t\t<div data-animation-type=\"block\" class=\"elementor-column elementor-col-33 elementor-top-column elementor-element elementor-element-36ecca0 sc_content_align_inherit sc_layouts_column_icons_position_left animation_type_block sc_fly_static elementor-invisible\" data-id=\"36ecca0\" data-element_type=\"column\" data-settings=\"{&quot;background_background&quot;:&quot;classic&quot;,&quot;animation&quot;:&quot;fadeIn&quot;}\">\n\t\t\t<div class=\"elementor-widget-wrap elementor-element-populated\">\n\t\t\t\t\t<div class=\"elementor-background-overlay\"><\/div>\n\t\t\t\t\t\t<div class=\"elementor-element elementor-element-568e8680 elementor-position-inline-start elementor-view-default elementor-mobile-position-block-start sc_fly_static elementor-widget elementor-widget-icon-box\" data-id=\"568e8680\" data-element_type=\"widget\" data-widget_type=\"icon-box.default\">\n\t\t\t\t<div class=\"elementor-widget-container\">\n\t\t\t\t\t\t\t<div class=\"elementor-icon-box-wrapper\">\n\n\t\t\t\t\t\t<div class=\"elementor-icon-box-icon\">\n\t\t\t\t<a href=\"#\" class=\"elementor-icon\" tabindex=\"-1\" aria-label=\"EMAIL DIRECTO\">\n\t\t\t\t<i aria-hidden=\"true\" class=\"fas fa-envelope-open\"><\/i>\t\t\t\t<\/a>\n\t\t\t<\/div>\n\t\t\t\n\t\t\t\t\t\t<div class=\"elementor-icon-box-content\">\n\n\t\t\t\t\t\t\t\t\t<p class=\"elementor-icon-box-title\">\n\t\t\t\t\t\t<a href=\"#\" >\n\t\t\t\t\t\t\tEMAIL DIRECTO\t\t\t\t\t\t<\/a>\n\t\t\t\t\t<\/p>\n\t\t\t\t\n\t\t\t\t\n\t\t\t<\/div>\n\t\t\t\n\t\t<\/div>\n\t\t\t\t\t\t<\/div>\n\t\t\t\t<\/div>\n\t\t\t\t<div class=\"elementor-element elementor-element-beeb530 sc_fly_static elementor-widget elementor-widget-text-editor\" data-id=\"beeb530\" data-element_type=\"widget\" data-widget_type=\"text-editor.default\">\n\t\t\t\t<div class=\"elementor-widget-container\">\n\t\t\t\t\t\t\t\t\t<p>info@transfertomarbella.es<\/p>\t\t\t\t\t\t\t\t<\/div>\n\t\t\t\t<\/div>\n\t\t\t\t\t<\/div>\n\t\t<\/div>\n\t\t\t\t<div data-animation-type=\"block\" class=\"elementor-column elementor-col-33 elementor-top-column elementor-element elementor-element-2136237b sc_content_align_inherit sc_layouts_column_icons_position_left animation_type_block sc_fly_static elementor-invisible\" data-id=\"2136237b\" data-element_type=\"column\" data-settings=\"{&quot;background_background&quot;:&quot;classic&quot;,&quot;animation&quot;:&quot;fadeIn&quot;}\">\n\t\t\t<div class=\"elementor-widget-wrap elementor-element-populated\">\n\t\t\t\t\t<div class=\"elementor-background-overlay\"><\/div>\n\t\t\t\t\t\t<div class=\"elementor-element elementor-element-2d103998 elementor-position-inline-start elementor-view-default elementor-mobile-position-block-start sc_fly_static elementor-widget elementor-widget-icon-box\" data-id=\"2d103998\" data-element_type=\"widget\" data-widget_type=\"icon-box.default\">\n\t\t\t\t<div class=\"elementor-widget-container\">\n\t\t\t\t\t\t\t<div class=\"elementor-icon-box-wrapper\">\n\n\t\t\t\t\t\t<div class=\"elementor-icon-box-icon\">\n\t\t\t\t<span  class=\"elementor-icon\">\n\t\t\t\t<i aria-hidden=\"true\" class=\"fas fa-mobile-alt\"><\/i>\t\t\t\t<\/span>\n\t\t\t<\/div>\n\t\t\t\n\t\t\t\t\t\t<div class=\"elementor-icon-box-content\">\n\n\t\t\t\t\t\t\t\t\t<p class=\"elementor-icon-box-title\">\n\t\t\t\t\t\t<span  >\n\t\t\t\t\t\t\tLL\u00c1MENOS\t\t\t\t\t\t<\/span>\n\t\t\t\t\t<\/p>\n\t\t\t\t\n\t\t\t\t\n\t\t\t<\/div>\n\t\t\t\n\t\t<\/div>\n\t\t\t\t\t\t<\/div>\n\t\t\t\t<\/div>\n\t\t\t\t<div class=\"elementor-element elementor-element-35893fd8 sc_fly_static elementor-widget elementor-widget-text-editor\" data-id=\"35893fd8\" data-element_type=\"widget\" data-widget_type=\"text-editor.default\">\n\t\t\t\t<div class=\"elementor-widget-container\">\n\t\t\t\t\t\t\t\t\t<p>+34 635644361<\/p>\t\t\t\t\t\t\t\t<\/div>\n\t\t\t\t<\/div>\n\t\t\t\t\t<\/div>\n\t\t<\/div>\n\t\t\t\t<div data-animation-type=\"block\" class=\"elementor-column elementor-col-33 elementor-top-column elementor-element elementor-element-66f6395 sc_content_align_inherit sc_layouts_column_icons_position_left animation_type_block sc_fly_static elementor-invisible\" data-id=\"66f6395\" data-element_type=\"column\" data-settings=\"{&quot;background_background&quot;:&quot;classic&quot;,&quot;animation&quot;:&quot;fadeIn&quot;}\">\n\t\t\t<div class=\"elementor-widget-wrap elementor-element-populated\">\n\t\t\t\t\t<div class=\"elementor-background-overlay\"><\/div>\n\t\t\t\t\t\t<div class=\"elementor-element elementor-element-18f079c5 elementor-position-inline-start elementor-view-default elementor-mobile-position-block-start sc_fly_static elementor-widget elementor-widget-icon-box\" data-id=\"18f079c5\" data-element_type=\"widget\" data-widget_type=\"icon-box.default\">\n\t\t\t\t<div class=\"elementor-widget-container\">\n\t\t\t\t\t\t\t<div class=\"elementor-icon-box-wrapper\">\n\n\t\t\t\t\t\t<div class=\"elementor-icon-box-icon\">\n\t\t\t\t<span  class=\"elementor-icon\">\n\t\t\t\t<i aria-hidden=\"true\" class=\"fab fa-whatsapp\"><\/i>\t\t\t\t<\/span>\n\t\t\t<\/div>\n\t\t\t\n\t\t\t\t\t\t<div class=\"elementor-icon-box-content\">\n\n\t\t\t\t\t\t\t\t\t<p class=\"elementor-icon-box-title\">\n\t\t\t\t\t\t<span  >\n\t\t\t\t\t\t\tWHATS APP\t\t\t\t\t\t<\/span>\n\t\t\t\t\t<\/p>\n\t\t\t\t\n\t\t\t\t\n\t\t\t<\/div>\n\t\t\t\n\t\t<\/div>\n\t\t\t\t\t\t<\/div>\n\t\t\t\t<\/div>\n\t\t\t\t<div class=\"elementor-element elementor-element-773ac98a sc_fly_static elementor-widget elementor-widget-text-editor\" data-id=\"773ac98a\" data-element_type=\"widget\" data-widget_type=\"text-editor.default\">\n\t\t\t\t<div class=\"elementor-widget-container\">\n\t\t\t\t\t\t\t\t\t<p>+34 635644361<\/p>\t\t\t\t\t\t\t\t<\/div>\n\t\t\t\t<\/div>\n\t\t\t\t\t<\/div>\n\t\t<\/div>\n\t\t\t\t\t<\/div>\n\t\t<\/section>\n\t\t\t\t<\/div>","protected":false},"excerpt":{"rendered":"<p>MARBELLA TRANSFER offer transfers private with highly qualified drivers and languages, we are a leader in this sector and we have 16 years of experience since 2001 working in Marbella and throughout Spain, as well as consulates, embassies and several customers. MARBELLA TRANSFER also interested in the satisfaction of our clients, organize your holidays, your&hellip;<\/p>","protected":false},"author":1,"featured_media":2064,"parent":0,"menu_order":0,"comment_status":"closed","ping_status":"closed","template":"","meta":{"om_disable_all_campaigns":false,"_monsterinsights_skip_tracking":false,"_monsterinsights_sitenote_active":false,"_monsterinsights_sitenote_note":"","_monsterinsights_sitenote_category":0,"footnotes":""},"class_list":["post-279","page","type-page","status-publish","has-post-thumbnail","hentry"],"_links":{"self":[{"href":"https:\/\/transfertomarbella.es\/es\/wp-json\/wp\/v2\/pages\/279","targetHints":{"allow":["GET"]}}],"collection":[{"href":"https:\/\/transfertomarbella.es\/es\/wp-json\/wp\/v2\/pages"}],"about":[{"href":"https:\/\/transfertomarbella.es\/es\/wp-json\/wp\/v2\/types\/page"}],"author":[{"embeddable":true,"href":"https:\/\/transfertomarbella.es\/es\/wp-json\/wp\/v2\/users\/1"}],"replies":[{"embeddable":true,"href":"https:\/\/transfertomarbella.es\/es\/wp-json\/wp\/v2\/comments?post=279"}],"version-history":[{"count":6,"href":"https:\/\/transfertomarbella.es\/es\/wp-json\/wp\/v2\/pages\/279\/revisions"}],"predecessor-version":[{"id":1025,"href":"https:\/\/transfertomarbella.es\/es\/wp-json\/wp\/v2\/pages\/279\/revisions\/1025"}],"wp:featuredmedia":[{"embeddable":true,"href":"https:\/\/transfertomarbella.es\/es\/wp-json\/wp\/v2\/media\/2064"}],"wp:attachment":[{"href":"https:\/\/transfertomarbella.es\/es\/wp-json\/wp\/v2\/media?parent=279"}],"curies":[{"name":"wp","href":"https:\/\/api.w.org\/{rel}","templated":true}]}}