{"id":1060,"date":"2021-11-15T16:10:54","date_gmt":"2021-11-15T16:10:54","guid":{"rendered":"https:\/\/transfertomarbella.es\/politica-de-privacidad\/"},"modified":"2021-11-19T16:23:45","modified_gmt":"2021-11-19T16:23:45","slug":"privacy-policy","status":"publish","type":"page","link":"https:\/\/transfertomarbella.es\/es\/privacy-policy\/","title":{"rendered":"Pol\u00edtica de Privacidad"},"content":{"rendered":"<p>El Titular le informa sobre su Pol\u00edtica de Privacidad respecto del tratamiento y protecci\u00f3n de los datos de car\u00e1cter personal de los usuarios  que puedan ser recabados durante la navegaci\u00f3n a trav\u00e9s del Sitio Web: <a href=\"\">https:\/\/transfertomarbella.es<\/a>\n<\/p>\n\n<p>\n\tEn este sentido, el Titular garantiza el cumplimiento de la normativa vigente en materia de protecci\u00f3n de datos personales, reflejada en la Ley Org\u00e1nica 3\/2018, de 5 de diciembre, de Protecci\u00f3n de Datos Personales y de Garant\u00eda de Derechos Digitales (LOPD GDD). Cumple tambi\u00e9n con el Reglamento (UE) 2016\/679 del Parlamento Europeo y del Consejo de 27 de abril de 2016 relativo a la protecci\u00f3n de las personas f\u00edsicas (RGPD).\n<\/p>\n\n<p>\n\tEl uso de sitio Web implica la aceptaci\u00f3n de esta Pol\u00edtica de Privacidad&nbsp;as\u00ed como las condiciones incluidas en el &nbsp;<a href=\"https:\/\/transfertomarbella.es\/es\/legal-warning\/\">Aviso Legal<\/a>.\n<\/p>\n\n<h2 id=\"identidad-del-responsable\">Identidad del Responsable<\/h2>\n<p>\n  <ul>    \n    <li>\n      <b>Responsable:<\/b>&nbsp;   \n      Antonio G\u00e1mez Moreno.\n      \n    <\/li>\n    \n    <li>\n      <b>NIF:<\/b>&nbsp;74834274W\n      \n    <\/li>\n\n\n    <li>\n      <b>Domicilio:<\/b>&nbsp;\n       Avenida Manolete Bloque 2 - 1\u00ba B NUEVA ANDALUCIA (MARBELLA) C.P: 29.600,  M\u00e1laga - Espa\u00f1a.\n    <\/li>\n    \n    <li>\n      <b>Correo electr\u00f3nico:<\/b>&nbsp;\n      info@transfertomarbella.es\n    <\/li>\n    \n    <li>\n      <b>Tel\u00e9fono de contacto:<\/b>&nbsp;\n      +34 635 644 361\n    <\/li>\n\n    <li>\n      <b>Sitio Web:<\/b>&nbsp;\n      <a href=\"\">https:\/\/transfertomarbella.es<\/a>\n    <\/li>\n  <\/ul>\n<\/p>\n\n\n<h2 id=\"principios-aplicados-en-el-tratamiento-de-datos\">Principios aplicados en el tratamiento de datos<\/h2>\n<p>\n\tEn el tratamiento de sus datos personales, el Titular aplicar\u00e1 los siguientes principios que se ajustan a las exigencias del nuevo reglamento europeo de protecci\u00f3n de datos (RGPD):\n<\/p>\n\n<p>\n  <ul>\n    <li>\n      Principio de licitud, lealtad y transparencia: El Titular siempre requerir\u00e1 el consentimiento para el tratamiento de los datos personales que puede ser para uno o varios fines espec\u00edficos sobre los que el Titular informar\u00e1 al Usuario previamente con absoluta transparencia.\n    <\/li>\n    <li>\n      Principio de minimizaci\u00f3n de datos: El Titular solicitar\u00e1 solo los datos estrictamente necesarios para el fin o los fines que los solicita.\n    <\/li> \n    <li>\n      Principio de limitaci\u00f3n del plazo de conservaci\u00f3n: El Titular mantendr\u00e1 los datos personales recabados durante el tiempo estrictamente necesario para el fin o los fines del tratamiento. El Titular informar\u00e1 al Usuario del plazo de conservaci\u00f3n correspondiente seg\u00fan la finalidad.\n      <br>En el caso de suscripciones, el Titular revisar\u00e1 peri\u00f3dicamente las listas y eliminar\u00e1 aquellos registros inactivos durante un tiempo considerable.\n    <\/li>\n    <li>\n      Principio de integridad y confidencialidad: Los datos personales recabados ser\u00e1n tratados de tal manera que su seguridad, confidencialidad e integridad est\u00e1 garantizada.\n      <br>El Titular toma las precauciones necesarias para evitar el acceso no autorizado o uso indebido de los datos de sus usuarios por parte de terceros.\n    <\/li>\n  <\/ul>\n<\/p>\n\n<h2 id=\"obtencion-de-datos-personales\">Obtenci\u00f3n de datos personales<\/h2>\n<p>\n  Para navegar por el sitio Web no es necesario que facilite ning\u00fan dato personal.\n<\/p>\n\n<p>\n  Los casos en los que usted s\u00ed proporciona sus datos personales son los siguientes:\n<\/p>\n<p>\n  <ul>    \n      <li>Al contactar a trav\u00e9s de los formularios de contacto o enviar un correo electr\u00f3nico.<\/li>\n      <li>Al realizar un comentario en un art\u00edculo o en una p\u00e1gina.<\/li>\n      <li>Al inscribirse en un formulario de suscripci\u00f3n o un bolet\u00edn que el Titular gestiona con MailChimp.<\/li>\n  <\/ul>\n<\/p>\n\n<h2 id=\"derechos\">Derechos<\/h2>\n<p>\n  El Titular le informa que sobre sus datos personales tiene derecho a:\n<\/p>\n<p>\n  <ul>\n    <li>Solicitar el acceso a los datos almacenados.<\/li>\n    <li>Solicitar una rectificaci\u00f3n o la supresi\u00f3n.<\/li>\n    <li>Solicitar la limitaci\u00f3n de su tratamiento.<\/li>\n    <li>Oponerse al tratamiento.<\/li>\n  <\/ul>\n<\/p>\n<p>\n  No puede ejercitar el derecho a la portabilidad de los datos.\n<\/p>\n\n<p>\n  El ejercicio de estos derechos es personal y por tanto debe ser ejercido directamente por el interesado, solicit\u00e1ndolo directamente al Titular, lo que significa que cualquier cliente, suscriptor o colaborador que haya facilitado sus datos en alg\u00fan momento, puede dirigirse al Titular y pedir informaci\u00f3n sobre los datos que tiene almacenados y c\u00f3mo los ha obtenido, solicitar la rectificaci\u00f3n de los mismos, oponerse al tratamiento, limitar su uso o solicitar la supresi\u00f3n de esos datos en los ficheros del Titular.\n<\/p>\n\n<p>  \n  Para ejercitar sus derechos tiene que enviar su petici\u00f3n junto con una fotocopia del Documento Nacional de Identidad o equivalente a&nbsp;\n  la direcci\u00f3n de correo electr\u00f3nico:&nbspinfo@transfertomarbella.es\n<\/p>\n\n<p>\n  El ejercicio de estos derechos no incluye ning\u00fan dato que el Titular est\u00e9 obligado a conservar con fines administrativos, legales o de seguridad.\n<\/p>\n\n<p>\n  Tiene derecho a la tutela judicial efectiva y a presentar una reclamaci\u00f3n ante la autoridad de control, en este caso, la Agencia Espa\u00f1ola de Protecci\u00f3n de Datos, si considera que el tratamiento de datos personales que le conciernen infringe el Reglamento.\n<\/p>\n\n<h2 id=\"finalidad-del-tratamiento-de-datos-personales\">Finalidad del tratamiento de datos personales<\/h2>\n<p>\n  Cuando usted se conecta al Sitio Web para mandar un correo al Titular, escribe un comentario en un art\u00edculo o una p\u00e1gina,  se suscribe a su bolet\u00edn  est\u00e1 facilitando informaci\u00f3n de car\u00e1cter personal de la que el responsable es el Titular. Esta informaci\u00f3n puede incluir datos de car\u00e1cter personal como pueden ser su direcci\u00f3n IP, nombre y apellidos, direcci\u00f3n f\u00edsica, direcci\u00f3n de correo electr\u00f3nico, n\u00famero de tel\u00e9fono, y otra informaci\u00f3n. Al facilitar esta informaci\u00f3n, da su consentimiento para que su informaci\u00f3n sea recopilada, utilizada, gestionada y almacenada por \n  \n  &mdash;\n  \n  Antonio G\u00e1mez Moreno\n  &mdash;\n    s\u00f3lo como se describe en las p\u00e1ginas:\n    <ul>\n      <li><a href=\"https:\/\/transfertomarbella.es\/es\/legal-warning\/\">Aviso Legal<\/a><\/li>\n      <li><a href=\"https:\/\/transfertomarbella.es\/es\/privacy-policy\/\">Pol\u00edtica de Privacidad<\/a><\/li>\n    <\/ul>\n<\/p>\n<p>\n  Los datos personales y la finalidad del tratamiento por parte del Titular es diferente seg\u00fan el sistema de captura de informaci\u00f3n:\n<\/p>\n<p>\n  <ul>    \n    <li>\n      Formularios de contacto: El Titular solicita datos personales entre los que pueden estar: nombre y apellidos, direcci\u00f3n de correo electr\u00f3nico, n\u00famero de tel\u00e9fono y direcci\u00f3n de sitio web con la finalidad de responder las consultas de los Usuarios.<br>\n      Por ejemplo, el Titular utiliza esos datos para dar respuesta a mensajes, dudas, quejas, comentarios o inquietudes que pueden tener los Usuarios relativas a la informaci\u00f3n incluida en el sitio Web, el tratamiento de los datos personales, cuestiones referentes a los textos legales incluidos en el Sitio Web, as\u00ed como cualquier otra consulta que el Usuario pueda tener y que no est\u00e9 sujeta a las condiciones del sitio Web.\n    <\/li>\n    <li>\n      Formularios de comentarios: El Titular solicita datos personales entre los que pueden estar: nombre y apellidos, direcci\u00f3n de correo electr\u00f3nico, y direcci\u00f3n de sitio Web con la finalidad de responder a los comentarios de los Usuarios.\n    <\/li>   \n    <li>\n      Formularios de suscripci\u00f3n a contenidos: El Titular solicita los siguientes datos personales: nombre y apellidos, direcci\u00f3n de correo electr\u00f3nico, n\u00famero de tel\u00e9fono y direcci\u00f3n de un sitio web para gestionar la lista de suscripciones, enviar boletines, promociones y ofertas especiales. Los datos personales facilitados al Titular estar\u00e1n ubicados en los servidores de The Rocket Science Group LLC d\/b\/a, con domicilio en EEUU. (Mailchimp).\n    <\/li>\n  <\/ul> \n<\/p>\n<p>   \n  Existen otras finalidades por las que el Titular trata datos personales:\n<\/p>\n<p>\n  <ul>\n    <li>\n      Para garantizar el cumplimiento de las condiciones recogidas en la p\u00e1gina de Aviso Legal y de  la ley aplicable. Esto puede incluir el desarrollo de herramientas y algoritmos que ayuden al Sitio Web a garantizar la confidencialidad de los datos personales que recoge.\n    <\/li>\n    <li>\n      Para apoyar y mejorar los servicios que ofrece este Sitio Web.\n    <\/li>\n    <li>\n      Para analizar la navegaci\u00f3n de los usuarios. El Titular recoge otros datos no identificativos que se obtienen mediante el uso de cookies que se descargan en el ordenador del Usuario cuando navega por el Sitio Web cuyas caracter\u00edsticas y finalidad est\u00e1n detalladas en la p\u00e1gina de  <a href=\"https:\/\/transfertomarbella.es\/es\/cookies-policy\/\">Pol\u00edtica de Cookies<\/a>.\n    <\/li>\n    <li>\n      <p>\n      Para gestionar las redes sociales. El Titular tiene presencia en redes sociales.\n        Si usted se hace seguidor en las redes sociales del Titular el tratamiento de los datos personales se regir\u00e1 por este apartado, as\u00ed como por aquellas condiciones de uso, pol\u00edticas de privacidad y normativas de acceso que pertenezcan a la red social que proceda en cada caso y que ha aceptado previamente.\n        <br>\n        Puede consultar las pol\u00edticas de privacidad de las principales redes sociales en estos enlaces:\n      <\/p>\n      <p>     \n      <ul>\n        <li><a href=\"https:\/\/www.facebook.com\/help\/cookies\" rel=\"nofollow\" target=\"_blank\">Facebook<\/a><\/li>\n        <li><a href=\"https:\/\/twitter.com\/privacy\" rel=\"nofollow\" target=\"_blank\">Twitter<\/a><\/li>\n        <li><a href=\"https:\/\/www.linkedin.com\/legal\/cookie-policy\" rel=\"nofollow\" target=\"_blank\">Linkedin<\/a><\/li>\n        <li><a href=\"https:\/\/www.youtube.com\/privacy\" rel=\"nofollow\" target=\"_blank\">YouTube<\/a><\/li>\n        <li><a href=\"https:\/\/www.instagram.com\/legal\/privacy\/\" rel=\"nofollow\" target=\"_blank\">Instagram<\/a><\/li>\n      <\/ul>\n      <\/p>\n      <p>\n        El Titular tratar\u00e1 sus datos personales con la finalidad de administrar correctamente su presencia en la red social, informarle de sus actividades, as\u00ed como para cualquier otra finalidad que las normativas de las redes sociales permiten.\n      <\/p>\n      <p>\n        En ning\u00fan caso el Titular utilizar\u00e1 los perfiles de seguidores en redes sociales para enviar publicidad de manera individual.\n      <\/p>\n    <\/li>\n  <\/ul>\n<\/p>\n\n\n<h2 id=\"seguridad-de-los-datos-personales\">Seguridad de los datos personales<\/h2>\n<p>\n  Para proteger sus datos personales, el Titular toma todas las precauciones razonables y sigue las mejores pr\u00e1cticas de la industria para evitar su p\u00e9rdida, mal uso, acceso indebido, divulgaci\u00f3n, alteraci\u00f3n o destrucci\u00f3n de los mismos.\n<\/p>\n  <p>\n    Sus datos podr\u00e1n ser incorporados a un fichero de lista de correo, del cual el Titular es responsable de su gesti\u00f3n y tratamiento. La seguridad de sus datos est\u00e1 garantizada, ya que el Titular toma todas las medidas de seguridad necesarias y le garantiza que los datos personales s\u00f3lo se usar\u00e1n para las finalidades dadas.\n  <\/p>\n\n\n  <p>\n    El Titular informa al Usuario de que sus datos personales no ser\u00e1n cedidos a terceras organizaciones, con la salvedad de que dicha cesi\u00f3n de datos est\u00e9 amparada en una obligaci\u00f3n legal o cuando la prestaci\u00f3n de un servicio implique la necesidad de una relaci\u00f3n contractual con un encargado de tratamiento. En este \u00faltimo caso, solo se llevar\u00e1 a cabo la cesi\u00f3n de datos al tercero cuando el Titular disponga del consentimiento expreso del Usuario.\n  <\/p>\n  <p>\n    Sin embargo, en algunos casos se pueden realizar colaboraciones con otros profesionales, en esos casos, se requerir\u00e1 consentimiento al Usuario informando sobre la identidad del colaborador y la finalidad de la colaboraci\u00f3n. Siempre se realizar\u00e1 con los m\u00e1s estrictos est\u00e1ndares de seguridad.\n  <\/p>\n\n\n<h2 id=\"contenido-de-otros-sitios-web\">Contenido de otros sitios web<\/h2>\n<p>\n  Las p\u00e1ginas de este sitio Web pueden incluir contenido incrustado (por ejemplo, v\u00eddeos, im\u00e1genes, art\u00edculos, etc.). El contenido incrustado de otras web se comporta exactamente de la misma manera que si hubiera visitado la otra web.\n<\/p>\n<p>\n  Estos sitios Web pueden recopilar datos sobre usted, utilizar cookies, incrustar un c\u00f3digo de seguimiento adicional de terceros, y supervisar su interacci\u00f3n usando este c\u00f3digo.\n<\/p>\n\n\n<h2 id=\"politica-de-cookies\">Pol\u00edtica de Cookies<\/h2>\n<p>\n  Para que este sitio Web funcione correctamente necesita utilizar cookies, que es una informaci\u00f3n que se almacena en su navegador web. \n  \n  <p>\n    Puede consultar toda la informaci\u00f3n relativa a la pol\u00edtica de recogida y tratamiento de las cookies en la p\u00e1gina de  <a href=\"https:\/\/transfertomarbella.es\/es\/cookies-policy\/\">Pol\u00edtica de Cookies<\/a>.\n  <\/p>\n<\/p>\n\n\n\n<h2 id=\"legitimacion-para-el-tratamiento-de-datos\">Legitimaci\u00f3n para el tratamiento de datos<\/h2>\n<p>\n  La base legal para el tratamiento de sus datos es:\n  <ul>\n    <li>\n      El consentimiento del interesado.\n    <\/li> \n  <\/ul>\n<\/p>\n\n\n<h2 id=\"categorias-de-datos-personales\">Categor\u00edas de datos personales<\/h2>\n<p>\n  Las categor\u00edas de datos personales que trata el Titular son:\n<\/p>\n<p>\n  <ul>    \n    <li>Datos identificativos.<\/li>\n    <li>No se tratan categor\u00edas de datos especialmente protegidos.<\/li>\n  <\/ul>\n<\/p>\n\n\n<h2 id=\"conservacion-de-datos-personales\">Conservaci\u00f3n de datos personales<\/h2>\n<p>  \n  Los datos personales proporcionados al Titular se conservar\u00e1n hasta que solicite su supresi\u00f3n.\n<\/p>\n\n\n<div id=\"destinatarios\">\n<h2 id=\"destinatarios-de-datos-personales\">Destinatarios de datos personales<\/h2>\n<p>\n  <ul>  \n    <li>\n      <b>Mailchimp<\/b> The Rocket Science Group LLC d\/b\/a , con domicilio en EEUU.\n      <br>M\u00e1s informaci\u00f3n en:&nbsp;<a href=\"https:\/\/mailchimp.com\/legal\/privacy\/\" rel=\"nofollow\" target=\"_blank\">https:\/\/mailchimp.com<\/a>\n      <br>The Rocket Science Group LLC d\/b\/a trata los datos con la finalidad de prestar sus servicios de email marketing al Titular.\n    <\/li>\n    <li>\n      <b>Google AdSense<\/b> es un conjunto de servicios publicitarios proporcionado por Google, Inc., una compa\u00f1\u00eda de Delaware cuya oficina principal est\u00e1 en 1600 Amphitheatre Parkway, Mountain View (California), CA 94043, Estados Unidos (&quot;Google&quot;).       \n      <br>AdSense utiliza las cookies para mejorar la publicidad, segmentarla seg\u00fan el contenido que sea relevante para los usuarios y mejorar los informes de rendimiento de las campa\u00f1as.\n      <br>M\u00e1s informaci\u00f3n en:&nbsp;<a href=\"https:\/\/policies.google.com\/privacy?hl=es-ES\" rel=\"nofollow\" target=\"_blank\">https:\/\/www.google.com\/adsense<\/a>\n    <\/li>\n  <\/ul>\n<\/p>\n<\/div>\n\n\n\n<h2 id=\"navegacion-web\">Navegaci\u00f3n Web<\/h2>\n<p>\n  Al navegar por el Sitio Web se pueden recoger datos no identificativos, que pueden incluir, la direcci\u00f3n IP, geolocalizaci\u00f3n, un registro de c\u00f3mo se utilizan los servicios y sitios, h\u00e1bitos de navegaci\u00f3n y otros datos que no pueden ser utilizados para identificarle.\n<\/p>\n\n<p>\n  El sitio Web utiliza los siguientes servicios de an\u00e1lisis de terceros:\n<\/p>\n\n<p>\n  <ul>\n    \n    \n    <li>Google AdSense.<\/li>\n  <\/ul>\n<\/p>\n<p>\n  El Titular utiliza la informaci\u00f3n obtenida para obtener datos estad\u00edsticos, analizar tendencias, administrar el sitio, estudiar patrones de navegaci\u00f3n y para recopilar informaci\u00f3n demogr\u00e1fica.\n<\/p>\n<p>\n  El Titular no se hace responsable del tratamiento de los datos personales que realicen las p\u00e1ginas web a las que pueda acceder a trav\u00e9s de los distintos enlaces que contiene el Sitio Web.\n<\/p>\n\n\n<h2 id=\"exactitud-y-veracidad-de-los-datos-personales\">Exactitud y veracidad de los datos personales<\/h2>\n<p>\n  Usted se compromete a que los datos facilitados al Titular sean correctos, completos, exactos y vigentes, as\u00ed como a mantenerlos debidamente actualizados.\n<\/p>\n<p>\n  Como Usuario del Sitio Web es el \u00fanico responsable de la veracidad y correcci\u00f3n de los datos remitidos al Sitio Web exonerando al Titular de cualquier responsabilidad al respecto.\n<\/p>\n\n\n<h2 id=\"aceptacion-y-consentimiento\">Aceptaci\u00f3n y consentimiento<\/h2>\n<p> \n  Como Usuario del Sitio Web declara haber sido informado de las condiciones sobre protecci\u00f3n de datos de car\u00e1cter personal, acepta y consiente el tratamiento de los mismos por parte del Titular en la forma y para las finalidades indicadas en esta Pol\u00edtica de Privacidad.\n<\/p>\n<p>\n  Para contactar con el Titular, suscribirse a un bolet\u00edn o realizar comentarios en este sitio Web tiene que aceptar la presente Pol\u00edtica de Privacidad.\n<\/p>\n\n\n<h2 id=\"cambios-en-la-politica-de-privacidad\">Cambios en la Pol\u00edtica de Privacidad<\/h2>\n<p>\n  El Titular se reserva el derecho a modificar la presente Pol\u00edtica de Privacidad para adaptarla a novedades legislativas o jurisprudenciales, as\u00ed como a pr\u00e1cticas de la industria.\n<\/p>\n<p> \n  Estas pol\u00edticas estar\u00e1n vigentes hasta que sean modificadas por otras debidamente publicadas.\n<\/p>\n\n<p>The Owner informs you about its Privacy Policy regarding the treatment and protection of personal data of users that may be collected while browsing through the Website: https:\/\/transfertomarbella.es<\/p>\n\n\n\n<p>In this sense, the Holder guarantees compliance with current regulations on the protection of personal data, reflected in Organic Law 3\/2018, of December 5, on Protection of Personal Data and Guarantee of Digital Rights (LOPD GDD) . It also complies with Regulation (EU) 2016\/679 of the European Parliament and of the Council of April 27, 2016 regarding the protection of natural persons (RGPD).<\/p>\n\n\n\n<p>The use of the website implies the acceptance of this Privacy Policy as well as the conditions included in the Legal Notice.<\/p>\n\n\n\n<p>Responsible identity<br>Responsible: Antonio G\u00e1mez Moreno.<br>NIF: 74834274W<br>Address: Avenida Manolete Bloque 2 &#8211; 1\u00ba B NUEVA ANDALUCIA (MARBELLA) Zip Code: 29.600, M\u00e1laga &#8211; Spain.<br>Email: info@transfertomarbella.es<br>Contact phone: +34 635 644 361<br>Website: https:\/\/transfertomarbella.es<br>Principles applied in data processing<br>In the processing of your personal data, the Holder will apply the following principles that comply with the requirements of the new European data protection regulation (RGPD):<\/p>\n\n\n\n<p>Principle of legality, loyalty and transparency: The Owner will always require consent for the processing of personal data, which may be for one or more specific purposes about which the Owner will inform the User in advance with absolute transparency.<br>Principle of data minimization: The Holder will request only the data strictly necessary for the purpose or purposes that are requested.<br>Principle of limitation of the conservation period: The Holder will keep the personal data collected for the time strictly necessary for the purpose or purposes of the treatment. The Owner will inform the User of the corresponding conservation period according to the purpose.<br>In the case of subscriptions, the Holder will periodically review the lists and eliminate those inactive records for a considerable time.<br>Principle of integrity and confidentiality: The personal data collected will be treated in such a way that its security, confidentiality and integrity is guaranteed.<br>The Owner takes the necessary precautions to prevent unauthorized access or improper use of its users&#8217; data by third parties.<br>Obtaining personal data<br>To browse the website, you do not need to provide any personal information.<\/p>\n\n\n\n<p>The cases in which you do provide your personal data are the following:<\/p>\n\n\n\n<p>By contacting through the contact forms or sending an email.<br>When making a comment on an article or on a page.<br>By registering for a subscription form or a newsletter that the Owner manages with MailChimp.<br>Rights<br>The Owner informs you that regarding your personal data you have the right to:<\/p>\n\n\n\n<p>Request access to stored data.<br>Request a rectification or cancellation.<br>Request the limitation of your treatment.<br>Oppose the treatment.<br>You cannot exercise the right to data portability.<\/p>\n\n\n\n<p>The exercise of these rights is personal and therefore must be exercised directly by the interested party, requesting it directly from the Owner, which means that any client, subscriber or collaborator who has provided their data at any time, can contact the Owner and request information about the data that you have stored and how you have obtained them, request the rectification of the same, oppose the treatment, limit its use or request the cancellation of these data in the files of the Holder.<\/p>\n\n\n\n<p>To exercise your rights you have to send your request together with a photocopy of the National Identity Document or equivalent to the email address: info@transfertomarbella.es<\/p>\n\n\n\n<p>The exercise of these rights does not include any data that the Holder is obliged to keep for administrative, legal or security purposes.<\/p>\n\n\n\n<p>You have the right to effective judicial protection and to file a claim with the control authority, in this case, the Spanish Agency for Data Protection, if you consider that the processing of personal data that concerns you violates the Regulation.<\/p>\n\n\n\n<p>Purpose of the processing of personal data<br>When you connect to the Website to send an email to the Owner, write a comment on an article or a page, subscribe to its newsletter, you are providing personal information for which the Owner is responsible. This information may include personal data such as your IP address, name and surname, physical address, email address, telephone number, and other information. By providing this information, you give your consent for your information to be collected, used, managed and stored by &#8211; Antonio G\u00e1mez Moreno &#8211; s<\/p>","protected":false},"excerpt":{"rendered":"<p>El Titular le informa sobre su Pol\u00edtica de Privacidad respecto del tratamiento y protecci\u00f3n de los datos de car\u00e1cter personal de los usuarios que puedan ser recabados durante la navegaci\u00f3n a trav\u00e9s del Sitio Web: https:\/\/transfertomarbella.es En este sentido, el Titular garantiza el cumplimiento de la normativa vigente en materia de protecci\u00f3n de datos personales,&hellip;<\/p>","protected":false},"author":1,"featured_media":0,"parent":0,"menu_order":0,"comment_status":"closed","ping_status":"closed","template":"","meta":{"om_disable_all_campaigns":false,"_monsterinsights_skip_tracking":false,"_monsterinsights_sitenote_active":false,"_monsterinsights_sitenote_note":"","_monsterinsights_sitenote_category":0,"footnotes":""},"class_list":["post-1060","page","type-page","status-publish","hentry"],"_links":{"self":[{"href":"https:\/\/transfertomarbella.es\/es\/wp-json\/wp\/v2\/pages\/1060","targetHints":{"allow":["GET"]}}],"collection":[{"href":"https:\/\/transfertomarbella.es\/es\/wp-json\/wp\/v2\/pages"}],"about":[{"href":"https:\/\/transfertomarbella.es\/es\/wp-json\/wp\/v2\/types\/page"}],"author":[{"embeddable":true,"href":"https:\/\/transfertomarbella.es\/es\/wp-json\/wp\/v2\/users\/1"}],"replies":[{"embeddable":true,"href":"https:\/\/transfertomarbella.es\/es\/wp-json\/wp\/v2\/comments?post=1060"}],"version-history":[{"count":2,"href":"https:\/\/transfertomarbella.es\/es\/wp-json\/wp\/v2\/pages\/1060\/revisions"}],"predecessor-version":[{"id":1254,"href":"https:\/\/transfertomarbella.es\/es\/wp-json\/wp\/v2\/pages\/1060\/revisions\/1254"}],"wp:attachment":[{"href":"https:\/\/transfertomarbella.es\/es\/wp-json\/wp\/v2\/media?parent=1060"}],"curies":[{"name":"wp","href":"https:\/\/api.w.org\/{rel}","templated":true}]}}