{"id":1059,"date":"2021-11-15T16:10:54","date_gmt":"2021-11-15T16:10:54","guid":{"rendered":"https:\/\/transfertomarbella.es\/aviso-legal\/"},"modified":"2021-11-19T16:20:09","modified_gmt":"2021-11-19T16:20:09","slug":"legal-warning","status":"publish","type":"page","link":"https:\/\/transfertomarbella.es\/es\/legal-warning\/","title":{"rendered":"Aviso Legal"},"content":{"rendered":"<h2 id=\"identificacion-y-titularidad\">Identificaci\u00f3n y Titularidad<\/h2>\n\n<p>\n\t\tEn cumplimiento del art\u00edculo 10 de la Ley 34\/2002, de 11 de julio, de Servicios de la Sociedad de la Informaci\u00f3n y Comercio Electr\u00f3nico, el Titular expone sus datos identificativos:\n<\/p>\n\n<p>\n\t<ul>\t\t\n\t\t<li>\n\t\t\t<b>Titular:<\/b>&nbsp;\t\t\n\t\t\tAntonio G\u00e1mez Moreno.\n\t\t\t\n\t\t<\/li>\n\t\t\n\t\t<li>\n\t\t\t<b>NIF:<\/b>&nbsp;74834274W\n\t\t\t\n\t\t<\/li>\n\n\n\t\t<li>\n\t\t\t<b>Domicilio:<\/b>&nbsp;\n\t\t\t Avenida Manolete Bloque 2 - 1\u00ba B NUEVA ANDALUCIA (MARBELLA) C.P: 29.600,  M\u00e1laga - Espa\u00f1a.\n\t\t<\/li>\n\t\t\n\t\t<li>\n\t\t\t<b>Correo electr\u00f3nico:<\/b>&nbsp;\n\t\t\tinfo@transfertomarbella.es\n\t\t<\/li>\n\t\t\n\t\t<li>\n\t\t\t<b>Tel\u00e9fono de contacto:<\/b>&nbsp;\n\t\t\t+34 635 644 361\n\t\t<\/li>\n\n\t\t<li>\n\t\t\t<b>Sitio Web:<\/b>&nbsp;\n\t\t\t<a href=\"https:\/\/transfertomarbella.es\/es\/\">https:\/\/transfertomarbella.es<\/a>\n\t\t<\/li>\n\t<\/ul>\n<\/p>\n\n<h2 id=\"finalidad\">Finalidad<\/h2>\n<p>\n\tLa finalidad del Sitio Web es: MARBELLA TRANSFER.\t\n<\/p>\n\n\n<h2 id=\"condiciones-de-uso\">Condiciones de Uso<\/h2>\n<p>\n\tLa utilizaci\u00f3n del Sitio Web le otorga la condici\u00f3n de Usuario, e implica la aceptaci\u00f3n completa de todas las cl\u00e1usulas y condiciones de uso incluidas en las p\u00e1ginas:\n\t<ul>\t\t\n\t\t<li><a href=\"https:\/\/transfertomarbella.es\/es\/legal-warning\/\">Aviso Legal<\/a><\/li>\n\t\t<li><a href=\"https:\/\/transfertomarbella.es\/es\/privacy-policy\/\">Pol\u00edtica de Privacidad<\/a><\/li>\n\t\t<li><a href=\"https:\/\/transfertomarbella.es\/es\/cookies-policy\/\">Pol\u00edtica de Cookies<\/a><\/li>\n\t<\/ul>\t\n<\/p>\n\n<p>\n\tSi no estuviera conforme con todas y cada una de estas cl\u00e1usulas y condiciones abst\u00e9ngase de utilizar el Sitio Web.\n<\/p>\n\n<p>\t\n\tEl acceso al Sitio Web no supone, en modo alguno, el inicio de una relaci\u00f3n comercial con el Titular.\n<\/p>\n\n<p>\t\n\tA trav\u00e9s del Sitio Web, el Titular le facilita el acceso y la utilizaci\u00f3n de diversos contenidos que el Titular y\/o sus colaboradores han publicado por medio de Internet.\n<\/p>\n\n<p>\n\tA tal efecto, est\u00e1 obligado y comprometido a NO utilizar cualquiera de los contenidos del Sitio Web con fines o efectos il\u00edcitos, prohibidos en este Aviso Legal o por la legislaci\u00f3n vigente, lesivos de los derechos e intereses de terceros, o que de cualquier forma puedan da\u00f1ar, inutilizar, sobrecargar, deteriorar o impedir la normal utilizaci\u00f3n de los contenidos, los equipos inform\u00e1ticos o los documentos, archivos y toda clase de contenidos almacenados en cualquier equipo inform\u00e1tico propios o contratados por el Titular, de otros usuarios o de cualquier usuario de Internet.\n<\/p>\n\n<p>\n\tEl Titular se reserva el derecho de retirar todos aquellos comentarios que vulneren la legislaci\u00f3n vigente, lesivos de los derechos o intereses de terceros, o que, a su juicio, no resulten adecuados para su publicaci\u00f3n.\n<\/p>\n<p>\n\tEl Titular no ser\u00e1 responsable de las opiniones vertidas por los usuarios a trav\u00e9s del sistema de comentarios, redes sociales u otras herramientas de participaci\u00f3n, conforme a lo previsto en la normativa de aplicaci\u00f3n.\n<\/p>\n\n\n\n\n\n<h2 id=\"medidas-de-seguridad\">Medidas de seguridad<\/h2>\n<p>\n\tLos datos personales que facilite al Titular pueden ser almacenados en bases de datos automatizadas o no, cuya titularidad corresponde en exclusiva al Titular, que asume todas las medidas de \u00edndole t\u00e9cnica, organizativa y de seguridad que garantizan la confidencialidad, integridad y calidad de la informaci\u00f3n contenida en las mismas de acuerdo con lo establecido en la normativa vigente en protecci\u00f3n de datos.\n<\/p>\n<p>\n\tNo obstante, debe ser consciente de que las medidas de seguridad de los sistemas inform\u00e1ticos en Internet no son enteramente fiables y que, por tanto el Titular no puede garantizar la inexistencia de virus u otros elementos que puedan producir alteraciones en los sistemas inform\u00e1ticos (software y hardware) del Usuario o en sus documentos electr\u00f3nicos y ficheros contenidos en los mismos aunque el Titular pone todos los medios necesarios y toma las medidas de seguridad oportunas para evitar la presencia de estos elementos da\u00f1inos.\n<\/p>\n\n\n<h2 id=\"tratamiento-de-datos-personales\">Tratamiento de Datos Personales<\/h2>\n<p>\t\n\tPuede consultar toda la informaci\u00f3n relativa al tratamiento de datos personales que recoge el Titular en la p\u00e1gina de  <a href=\"https:\/\/transfertomarbella.es\/es\/privacy-policy\/\">Pol\u00edtica de Privacidad<\/a>.\n<\/p>\n\n<h2 id=\"contenidos\">Contenidos<\/h2>\n<p>\n\tEl Titular ha obtenido la informaci\u00f3n, el contenido multimedia y los materiales incluidos en el Sitio Web de fuentes que considera fiables, pero, si bien ha tomado todas las medidas razonables para asegurar que la informaci\u00f3n contenida es correcta, el Titular no garantiza que sea exacta, completa o actualizada. El Titular declina expresamente cualquier responsabilidad por error u omisi\u00f3n en la informaci\u00f3n contenida en las p\u00e1ginas del Sitio Web.\n<\/p>\n\n<p>\n\tQueda prohibido transmitir o enviar a trav\u00e9s del Sitio Web cualquier contenido ilegal o il\u00edcito, virus inform\u00e1ticos, o mensajes que, en general, afecten o violen derechos del Titular o de terceros.\n<\/p>\n\n<p>\n\tLos contenidos del Sitio Web tienen \u00fanicamente una finalidad informativa y bajo ninguna circunstancia deben usarse ni considerarse como oferta de venta, solicitud de una oferta de compra ni recomendaci\u00f3n para realizar cualquier otra operaci\u00f3n, salvo que as\u00ed se indique expresamente.\n<\/p>\n\n<p>\n\tEl Titular se reserva el derecho a modificar, suspender, cancelar o restringir el contenido del Sitio Web, los v\u00ednculos o la informaci\u00f3n obtenida a trav\u00e9s del Sitio Web, sin necesidad de previo aviso.\n<\/p>\n\n<p>\n\tEl Titular\u00a0no es responsable de los da\u00f1os y perjuicios que pudieran derivarse de la utilizaci\u00f3n de la informaci\u00f3n del Sitio Web o de la contenida en las redes sociales del Titular.\n<\/p>\n\n\n<h2 id=\"politica-de-cookies\">Pol\u00edtica de cookies<\/h2>\n<p>\n\tPuede consultar toda la informaci\u00f3n relativa a la pol\u00edtica de recogida y tratamiento de las cookies en la p\u00e1gina de  <a href=\"https:\/\/transfertomarbella.es\/es\/cookies-policy\/\">Pol\u00edtica de Cookies<\/a>.\n<\/p>\n\n\n<h2 id=\"enlaces-a-otros-sitios-web\">Enlaces a otros sitios Web<\/h2>\n<p>\n\tEl Titular puede proporcionarle acceso a sitios Web de terceros mediante enlaces con la finalidad exclusiva de informar sobre la existencia de otras fuentes de informaci\u00f3n en Internet en las que podr\u00e1 ampliar los datos ofrecidos en el Sitio Web.\n<\/p>\n\n<p>\t\n\tEstos enlaces a otros sitios Web no suponen en ning\u00fan caso una sugerencia o recomendaci\u00f3n para que usted visite las p\u00e1ginas web de destino, que est\u00e1n fuera del control del Titular, por lo que el Titular no es responsable del contenido de los sitios web vinculados ni del resultado que obtenga al seguir los enlaces.\n\tAsimismo, el Titular no responde de los links o enlaces ubicados en los sitios web vinculados a los que le proporciona acceso.\n<\/p>\n\n<p>\n\tEl establecimiento del enlace no implica en ning\u00fan caso la existencia de relaciones entre el Titular y el propietario del sitio en el que se establezca el enlace, ni la aceptaci\u00f3n o aprobaci\u00f3n por parte del Titular de sus contenidos o servicios.\n<\/p>\n\n<p>\t\n\tSi accede a un sitio web externo desde un enlace que encuentre en el Sitio Web usted deber\u00e1 leer la propia pol\u00edtica de privacidad del otro sitio web que puede ser diferente de la de este sitio Web.\n<\/p>\n\n\n\n<h2 id=\"propiedad-intelectual-e-industrial\">Propiedad intelectual e industrial<\/h2>\n<p>\n\tTodos los derechos est\u00e1n reservados.\n<\/p>\n<p>\n\tTodo acceso a este Sitio Web est\u00e1 sujeto a las siguientes condiciones: la reproducci\u00f3n, almacenaje permanente y la difusi\u00f3n de los contenidos o cualquier otro uso que tenga finalidad p\u00fablica o comercial queda expresamente prohibida sin el consentimiento previo expreso y por escrito del Titular.\n<\/p>\n\n\n<h2 id=\"limitacion-de-responsabilidad\">Limitaci\u00f3n de responsabilidad<\/h2>\n<p>\n\tEl Titular declina cualquier responsabilidad en caso de que existan interrupciones o un mal funcionamiento de los Servicios o contenidos ofrecidos en Internet, cualquiera que sea su causa. Asimismo, el Titular no se hace responsable por ca\u00eddas de la red, p\u00e9rdidas de negocio a consecuencia de dichas ca\u00eddas, suspensiones temporales de fluido el\u00e9ctrico o cualquier otro tipo de da\u00f1o indirecto que te pueda ser causado por causas ajenas a el Titular.\n<\/p>\n<p>\n\tAntes de tomar decisiones y\/o acciones con base a la informaci\u00f3n incluida en el Sitio Web, el Titular le recomienda comprobar y contrastar la informaci\u00f3n recibida con otras fuentes.\n<\/p>\n\n\n\n<h2 id=\"jurisdiccion\">Jurisdicci\u00f3n<\/h2>\n<p>\t\n\tEste Aviso Legal se rige \u00edntegramente por la legislaci\u00f3n espa\u00f1ola.\n<\/p>\n\n\n<h2 id=\"contacto\">Contacto<\/h2>\n<p>\t\n\tEn caso de que usted tenga cualquier duda acerca de este Aviso Legal o quiera realizar cualquier comentario sobre el Sitio Web, puede enviar un mensaje de correo electr\u00f3nico a la direcci\u00f3n: info@transfertomarbella.es\n<\/p>\n\n<p>Identification and Ownership<br>In compliance with article 10 of Law 34\/2002, of July 11, on Services of the Information Society and Electronic Commerce, the Holder presents his identification data:<\/p>\n\n\n\n<p>Owner: Antonio G\u00e1mez Moreno.<br>NIF: 74834274W<br>Address: Avenida Manolete Bloque 2 &#8211; 1\u00ba B NUEVA ANDALUCIA (MARBELLA) Zip Code: 29.600, M\u00e1laga &#8211; Spain.<br>Email: info@transfertomarbella.es<br>Contact phone: +34 635 644 361<br>Website: https:\/\/transfertomarbella.es<br>Purpose<br>The purpose of the Website is: MARBELLA TRANSFER.<\/p>\n\n\n\n<p>Terms of use<br>The use of the Website grants you the condition of User, and implies the complete acceptance of all the clauses and conditions of use included in the pages:<\/p>\n\n\n\n<p>Aviso Legal<br>Pol\u00edtica de Privacidad<br>Pol\u00edtica de Cookies<br>If you are not satisfied with each and every one of these clauses and conditions, refrain from using the Website.<\/p>\n\n\n\n<p>Access to the Website does not imply, in any way, the beginning of a commercial relationship with the Owner.<\/p>\n\n\n\n<p>Through the Website, the Owner facilitates the access and use of various content that the Owner and \/ or her collaborators have published through the Internet.<\/p>\n\n\n\n<p>For this purpose, you are obliged and committed NOT to use any of the contents of the Website for illegal purposes or effects, prohibited in this Legal Notice or by current legislation, harmful to the rights and interests of third parties, or that in any way may damage, disable, overload, deteriorate or prevent the normal use of content, computer equipment or documents, files and all kinds of content stored on any computer equipment owned or contracted by the Owner, other users or any Internet user .<\/p>\n\n\n\n<p>The Owner reserves the right to withdraw all those comments that violate current legislation, injure the rights or interests of third parties, or that, in his opinion, are not suitable for publication.<\/p>\n\n\n\n<p>The Owner will not be responsible for the opinions expressed by users through the comment system, social networks or other participation tools, in accordance with the provisions of the applicable regulations.<\/p>\n\n\n\n<p>Security measures<br>The personal data that you provide to the Owner may be stored in automated databases or not, whose ownership corresponds exclusively to the Owner, who assumes all technical, organizational and security measures that guarantee the confidentiality, integrity and quality of the information. contained therein in accordance with the provisions of current regulations on data protection.<\/p>\n\n\n\n<p>However, you must be aware that the security measures of computer systems on the Internet are not entirely reliable and that, therefore, the Owner cannot guarantee the absence of viruses or other elements that may cause alterations in computer systems (software and hardware) of the User or in their electronic documents and files contained therein, although the Owner puts all the necessary means and takes the appropriate security measures to avoid the presence of these harmful elements.<\/p>\n\n\n\n<p>Processing of Personal Data<br>You can consult all the information regarding the processing of personal data that the Owner collects on the Privacy Policy page.<\/p>\n\n\n\n<p>Contents<br>The Owner has obtained the information, multimedia content and materials included in the Website from sources that it considers reliable, but, although it has taken all reasonable measures to ensure that the information contained is correct, the Owner does not guarantee that it is accurate. , complete or updated. The Owner expressly declines any responsibility for errors or omissions in the information contained in the pages of the Website.<\/p>\n\n\n\n<p>It is prohibited to transmit or send through the Website any illegal or illicit content, computer viruses, or messages that, in general, affect or violate the rights of the Owner or third parties.<\/p>\n\n\n\n<p>The contents of the Website are for informational purposes only and under no circumstances should they be used or considered as a sale offer, a request for a purchase offer or a recommendation to carry out any other operation, unless expressly indicated.<\/p>\n\n\n\n<p>The Owner reserves the right to modify, suspend, cancel or restrict the content of the Website, the links or the information obtained through the Website, without the need for prior notice.<\/p>\n\n\n\n<p>The Owner is not responsible for any damages that may arise from the use of the information on the Website or that contained in the Owner&#8217;s social networks.<\/p>\n\n\n\n<p>Pol\u00edtica de Cookies<br>You can consult all the information regarding the policy of collection and treatment of cookies on the Cookies Policy page.<\/p>\n\n\n\n<p>Links to other websites<br>The Owner can provide access to third-party websites through links with the sole purpose of informing about the existence of<\/p>","protected":false},"excerpt":{"rendered":"<p>Identificaci\u00f3n y Titularidad En cumplimiento del art\u00edculo 10 de la Ley 34\/2002, de 11 de julio, de Servicios de la Sociedad de la Informaci\u00f3n y Comercio Electr\u00f3nico, el Titular expone sus datos identificativos: Titular:&nbsp; Antonio G\u00e1mez Moreno. NIF:&nbsp;74834274W Domicilio:&nbsp; Avenida Manolete Bloque 2 &#8211; 1\u00ba B NUEVA ANDALUCIA (MARBELLA) C.P: 29.600, M\u00e1laga &#8211; Espa\u00f1a. Correo&hellip;<\/p>","protected":false},"author":1,"featured_media":0,"parent":0,"menu_order":0,"comment_status":"closed","ping_status":"closed","template":"","meta":{"om_disable_all_campaigns":false,"_monsterinsights_skip_tracking":false,"_monsterinsights_sitenote_active":false,"_monsterinsights_sitenote_note":"","_monsterinsights_sitenote_category":0,"footnotes":""},"class_list":["post-1059","page","type-page","status-publish","hentry"],"_links":{"self":[{"href":"https:\/\/transfertomarbella.es\/es\/wp-json\/wp\/v2\/pages\/1059","targetHints":{"allow":["GET"]}}],"collection":[{"href":"https:\/\/transfertomarbella.es\/es\/wp-json\/wp\/v2\/pages"}],"about":[{"href":"https:\/\/transfertomarbella.es\/es\/wp-json\/wp\/v2\/types\/page"}],"author":[{"embeddable":true,"href":"https:\/\/transfertomarbella.es\/es\/wp-json\/wp\/v2\/users\/1"}],"replies":[{"embeddable":true,"href":"https:\/\/transfertomarbella.es\/es\/wp-json\/wp\/v2\/comments?post=1059"}],"version-history":[{"count":2,"href":"https:\/\/transfertomarbella.es\/es\/wp-json\/wp\/v2\/pages\/1059\/revisions"}],"predecessor-version":[{"id":1252,"href":"https:\/\/transfertomarbella.es\/es\/wp-json\/wp\/v2\/pages\/1059\/revisions\/1252"}],"wp:attachment":[{"href":"https:\/\/transfertomarbella.es\/es\/wp-json\/wp\/v2\/media?parent=1059"}],"curies":[{"name":"wp","href":"https:\/\/api.w.org\/{rel}","templated":true}]}}